{"id":52,"date":"2016-09-01T16:09:16","date_gmt":"2016-09-01T14:09:16","guid":{"rendered":"http:\/\/pixonauts.com\/flexi-mit-cms\/?page_id=52"},"modified":"2023-01-16T17:13:47","modified_gmt":"2023-01-16T16:13:47","slug":"karriere","status":"publish","type":"page","link":"https:\/\/flexi.de\/de\/unternehmen\/karriere\/","title":{"rendered":"Stellenangebote"},"content":{"rendered":"<p>Eine Karriere bei flexi\u00ae ist eine aufregende Reise, bei der Sie t\u00e4glich mit Menschen zu tun haben, die ihre Aufgabe mit Freude und Leidenschaft verfolgen. F\u00fcr Ihr pers\u00f6nliches Entree bei uns bieten wir Ihnen eine Vielzahl von M\u00f6glichkeiten, denn unser anspruchsvolles Gesch\u00e4ft entwickelt sich st\u00e4ndig weiter.<\/p>\n<p>Wir bieten Ihnen eine stilvolle Unternehmens- und Arbeitskultur und f\u00f6rdern Ihre pers\u00f6nliche Entwicklung. Wir empfangen Sie mit flachen Hierarchien, kurzen Entscheidungswegen und einem hohen Ma\u00df an Eigenverantwortung.<\/p>\n","protected":false},"excerpt":{"rendered":"<p>Eine Karriere bei flexi\u00ae ist eine aufregende Reise, bei der Sie t\u00e4glich mit Menschen zu tun haben, die ihre Aufgabe mit Freude und Leidenschaft","protected":false},"author":3,"featured_media":0,"parent":1542,"menu_order":3,"comment_status":"closed","ping_status":"closed","template":"tpl-stellenangebote.php","meta":{"footnotes":""},"class_list":["post-52","page","type-page","status-publish","hentry"],"_links":{"self":[{"href":"https:\/\/flexi.de\/de\/wp-json\/wp\/v2\/pages\/52","targetHints":{"allow":["GET"]}}],"collection":[{"href":"https:\/\/flexi.de\/de\/wp-json\/wp\/v2\/pages"}],"about":[{"href":"https:\/\/flexi.de\/de\/wp-json\/wp\/v2\/types\/page"}],"author":[{"embeddable":true,"href":"https:\/\/flexi.de\/de\/wp-json\/wp\/v2\/users\/3"}],"replies":[{"embeddable":true,"href":"https:\/\/flexi.de\/de\/wp-json\/wp\/v2\/comments?post=52"}],"version-history":[{"count":0,"href":"https:\/\/flexi.de\/de\/wp-json\/wp\/v2\/pages\/52\/revisions"}],"up":[{"embeddable":true,"href":"https:\/\/flexi.de\/de\/wp-json\/wp\/v2\/pages\/1542"}],"wp:attachment":[{"href":"https:\/\/flexi.de\/de\/wp-json\/wp\/v2\/media?parent=52"}],"curies":[{"name":"wp","href":"https:\/\/api.w.org\/{rel}","templated":true}]}}