{"id":15751,"date":"2020-04-24T16:00:07","date_gmt":"2020-04-24T14:00:07","guid":{"rendered":"https:\/\/flexi.de\/de\/?post_type=product&#038;p=15751"},"modified":"2024-11-22T10:25:07","modified_gmt":"2024-11-22T09:25:07","slug":"daempfgurt-als-zusatz-fuer-gurt-leinen-gr-l","status":"publish","type":"product","link":"https:\/\/flexi.de\/de\/produkte\/daempfgurt-als-zusatz-fuer-gurt-leinen-gr-l\/","title":{"rendered":"D\u00e4mpfgurt als Zusatz f\u00fcr Gurt-Leinen Gr. L"},"content":{"rendered":"<ul>\n<li>D\u00e4mpft den Zug auf Geschirr oder Halsband bei lebhaften Hunden<\/li>\n<li>Zus\u00e4tzlich nutzbar und passend f\u00fcr alle Gurt-Leinen der Gr\u00f6\u00dfe L<\/li>\n<\/ul>\n","protected":false},"excerpt":{"rendered":"<p>D\u00e4mpft den Zug auf Geschirr oder Halsband bei lebhaften Hunden Zus\u00e4tzlich nutzbar und passend f\u00fcr alle Gurt-Leinen der Gr\u00f6\u00dfe L<\/p>\n","protected":false},"featured_media":16396,"template":"","meta":[],"product_brand":[],"product_cat":[27,28,31,344,32,68,36,48],"product_tag":[],"class_list":{"0":"post-15751","1":"product","2":"type-product","3":"status-publish","4":"has-post-thumbnail","6":"product_cat-comfort","7":"product_cat-classic","8":"product_cat-neon","9":"product_cat-black-design","10":"product_cat-giant","11":"product_cat-flexi-accessoires","12":"product_cat-gurt","13":"product_cat-l","15":"first","16":"instock","17":"taxable","18":"shipping-taxable","19":"purchasable","20":"product-type-simple"},"_links":{"self":[{"href":"https:\/\/flexi.de\/de\/wp-json\/wp\/v2\/product\/15751","targetHints":{"allow":["GET"]}}],"collection":[{"href":"https:\/\/flexi.de\/de\/wp-json\/wp\/v2\/product"}],"about":[{"href":"https:\/\/flexi.de\/de\/wp-json\/wp\/v2\/types\/product"}],"wp:featuredmedia":[{"embeddable":true,"href":"https:\/\/flexi.de\/de\/wp-json\/wp\/v2\/media\/16396"}],"wp:attachment":[{"href":"https:\/\/flexi.de\/de\/wp-json\/wp\/v2\/media?parent=15751"}],"wp:term":[{"taxonomy":"product_brand","embeddable":true,"href":"https:\/\/flexi.de\/de\/wp-json\/wp\/v2\/product_brand?post=15751"},{"taxonomy":"product_cat","embeddable":true,"href":"https:\/\/flexi.de\/de\/wp-json\/wp\/v2\/product_cat?post=15751"},{"taxonomy":"product_tag","embeddable":true,"href":"https:\/\/flexi.de\/de\/wp-json\/wp\/v2\/product_tag?post=15751"}],"curies":[{"name":"wp","href":"https:\/\/api.w.org\/{rel}","templated":true}]}}