{"id":15753,"date":"2020-04-24T16:00:08","date_gmt":"2020-04-24T14:00:08","guid":{"rendered":"https:\/\/flexi.de\/de\/?post_type=product&#038;p=15753"},"modified":"2025-03-28T09:14:41","modified_gmt":"2025-03-28T08:14:41","slug":"daempfgurt-als-zusatz-fuer-gurt-leinen-gr-s-m","status":"publish","type":"product","link":"https:\/\/flexi.de\/de\/produkte\/daempfgurt-als-zusatz-fuer-gurt-leinen-gr-s-m\/","title":{"rendered":"D\u00e4mpfgurt als Zusatz f\u00fcr Gurt-Leinen Gr. S-M"},"content":{"rendered":"<ul>\n<li>D\u00e4mpft den Zug auf Geschirr oder Halsband bei lebhaften Hunden<\/li>\n<li>Zus\u00e4tzlich nutzbar und passend f\u00fcr alle Gurt-Leinen der Gr\u00f6\u00dfen S und M<\/li>\n<\/ul>\n","protected":false},"excerpt":{"rendered":"","protected":false},"featured_media":16395,"template":"","meta":[],"product_brand":[],"product_cat":[378,25,27,28,345,31,344,32,68,36,46,47],"product_tag":[],"class_list":{"0":"post-15753","1":"product","2":"type-product","3":"status-publish","4":"has-post-thumbnail","6":"product_cat-select","7":"product_cat-kollektion","8":"product_cat-comfort","9":"product_cat-classic","10":"product_cat-one","11":"product_cat-neon","12":"product_cat-black-design","13":"product_cat-giant","14":"product_cat-flexi-accessoires","15":"product_cat-gurt","16":"product_cat-s","17":"product_cat-m","19":"first","20":"instock","21":"taxable","22":"shipping-taxable","23":"purchasable","24":"product-type-simple"},"_links":{"self":[{"href":"https:\/\/flexi.de\/de\/wp-json\/wp\/v2\/product\/15753","targetHints":{"allow":["GET"]}}],"collection":[{"href":"https:\/\/flexi.de\/de\/wp-json\/wp\/v2\/product"}],"about":[{"href":"https:\/\/flexi.de\/de\/wp-json\/wp\/v2\/types\/product"}],"wp:featuredmedia":[{"embeddable":true,"href":"https:\/\/flexi.de\/de\/wp-json\/wp\/v2\/media\/16395"}],"wp:attachment":[{"href":"https:\/\/flexi.de\/de\/wp-json\/wp\/v2\/media?parent=15753"}],"wp:term":[{"taxonomy":"product_brand","embeddable":true,"href":"https:\/\/flexi.de\/de\/wp-json\/wp\/v2\/product_brand?post=15753"},{"taxonomy":"product_cat","embeddable":true,"href":"https:\/\/flexi.de\/de\/wp-json\/wp\/v2\/product_cat?post=15753"},{"taxonomy":"product_tag","embeddable":true,"href":"https:\/\/flexi.de\/de\/wp-json\/wp\/v2\/product_tag?post=15753"}],"curies":[{"name":"wp","href":"https:\/\/api.w.org\/{rel}","templated":true}]}}