{"id":19261,"date":"2020-06-09T10:36:26","date_gmt":"2020-06-09T08:36:26","guid":{"rendered":"https:\/\/flexi.de\/de\/?post_type=product&#038;p=19261"},"modified":"2025-11-25T15:52:33","modified_gmt":"2025-11-25T14:52:33","slug":"led-lighting-system-hellgrau","status":"publish","type":"product","link":"https:\/\/flexi.de\/de\/produkte\/led-lighting-system-hellgrau\/","title":{"rendered":"LED Lighting System Hellgrau"},"content":{"rendered":"<ul>\n<li>Separat einstellbares Front- und R\u00fccklicht<\/li>\n<li>Einfache Anbringung durch Klettsystem<\/li>\n<li>Wiederaufladbar<br \/>\nBitte beachten Sie die <a href=\"https:\/\/flexi.de\/de\/informationen\/?goto=section-3\" target=\"_blank\" rel=\"noopener noreferrer\">Hinweise zur Lithium-Ionen-Batterie<\/a><\/li>\n<li>Kompatibel f\u00fcr Leinengr\u00f6\u00dfen S, M, L<\/li>\n<\/ul>\n","protected":false},"excerpt":{"rendered":"<p>Separat einstellbares Front- und R\u00fccklicht Einfache Anbringung durch Klettsystem Wiederaufladbar Bitte beachten Sie die Hinweise zur Lithium-Ionen-Batterie","protected":false},"featured_media":1263,"template":"","meta":[],"product_brand":[],"product_cat":[206],"product_tag":[],"class_list":{"0":"post-19261","1":"product","2":"type-product","3":"status-publish","4":"has-post-thumbnail","6":"product_cat-exklusive-produkte","8":"first","9":"instock","10":"taxable","11":"shipping-taxable","12":"purchasable","13":"product-type-simple"},"_links":{"self":[{"href":"https:\/\/flexi.de\/de\/wp-json\/wp\/v2\/product\/19261","targetHints":{"allow":["GET"]}}],"collection":[{"href":"https:\/\/flexi.de\/de\/wp-json\/wp\/v2\/product"}],"about":[{"href":"https:\/\/flexi.de\/de\/wp-json\/wp\/v2\/types\/product"}],"wp:featuredmedia":[{"embeddable":true,"href":"https:\/\/flexi.de\/de\/wp-json\/wp\/v2\/media\/1263"}],"wp:attachment":[{"href":"https:\/\/flexi.de\/de\/wp-json\/wp\/v2\/media?parent=19261"}],"wp:term":[{"taxonomy":"product_brand","embeddable":true,"href":"https:\/\/flexi.de\/de\/wp-json\/wp\/v2\/product_brand?post=19261"},{"taxonomy":"product_cat","embeddable":true,"href":"https:\/\/flexi.de\/de\/wp-json\/wp\/v2\/product_cat?post=19261"},{"taxonomy":"product_tag","embeddable":true,"href":"https:\/\/flexi.de\/de\/wp-json\/wp\/v2\/product_tag?post=19261"}],"curies":[{"name":"wp","href":"https:\/\/api.w.org\/{rel}","templated":true}]}}