{"id":251,"date":"2016-09-10T16:59:15","date_gmt":"2016-09-10T14:59:15","guid":{"rendered":"http:\/\/pixonauts.com\/flexi-mit-cms\/?post_type=product&#038;p=251"},"modified":"2025-11-25T15:57:22","modified_gmt":"2025-11-25T14:57:22","slug":"led-lighting-system","status":"publish","type":"product","link":"https:\/\/flexi.de\/de\/produkte\/led-lighting-system\/","title":{"rendered":"LED Lighting System"},"content":{"rendered":"<ul>\n<li>Separat einstellbares Front- und R\u00fccklicht<\/li>\n<li>Einfache Anbringung durch Klettsystem<\/li>\n<li>Wiederaufladbar<br \/>\nBitte beachten Sie die <a href=\"https:\/\/flexi.de\/de\/informationen\/?goto=section-3\" target=\"_blank\" rel=\"noopener noreferrer\">Hinweise zur Lithium-Ionen-Batterie<\/a><\/li>\n<li>Kompatibel f\u00fcr Leinengr\u00f6\u00dfen S, M, L<\/li>\n<\/ul>\n","protected":false},"excerpt":{"rendered":"<p>Separat einstellbares Front- und R\u00fccklicht Einfache Anbringung durch Klettsystem Wiederaufladbar Bitte beachten Sie die Hinweise zur Lithium-Ionen-Batterie","protected":false},"featured_media":1265,"template":"","meta":[],"product_brand":[],"product_cat":[378,25,27,28,346,344,32,68,46,47,48],"product_tag":[],"class_list":{"0":"post-251","1":"product","2":"type-product","3":"status-publish","4":"has-post-thumbnail","6":"product_cat-select","7":"product_cat-kollektion","8":"product_cat-comfort","9":"product_cat-classic","10":"product_cat-xtreme","11":"product_cat-black-design","12":"product_cat-giant","13":"product_cat-flexi-accessoires","14":"product_cat-s","15":"product_cat-m","16":"product_cat-l","18":"first","19":"instock","20":"taxable","21":"shipping-taxable","22":"purchasable","23":"product-type-variable"},"_links":{"self":[{"href":"https:\/\/flexi.de\/de\/wp-json\/wp\/v2\/product\/251","targetHints":{"allow":["GET"]}}],"collection":[{"href":"https:\/\/flexi.de\/de\/wp-json\/wp\/v2\/product"}],"about":[{"href":"https:\/\/flexi.de\/de\/wp-json\/wp\/v2\/types\/product"}],"wp:featuredmedia":[{"embeddable":true,"href":"https:\/\/flexi.de\/de\/wp-json\/wp\/v2\/media\/1265"}],"wp:attachment":[{"href":"https:\/\/flexi.de\/de\/wp-json\/wp\/v2\/media?parent=251"}],"wp:term":[{"taxonomy":"product_brand","embeddable":true,"href":"https:\/\/flexi.de\/de\/wp-json\/wp\/v2\/product_brand?post=251"},{"taxonomy":"product_cat","embeddable":true,"href":"https:\/\/flexi.de\/de\/wp-json\/wp\/v2\/product_cat?post=251"},{"taxonomy":"product_tag","embeddable":true,"href":"https:\/\/flexi.de\/de\/wp-json\/wp\/v2\/product_tag?post=251"}],"curies":[{"name":"wp","href":"https:\/\/api.w.org\/{rel}","templated":true}]}}