{"id":39845,"date":"2025-11-17T12:17:17","date_gmt":"2025-11-17T11:17:17","guid":{"rendered":"https:\/\/flexi.de\/de\/?post_type=product&#038;p=39845"},"modified":"2025-11-17T12:31:40","modified_gmt":"2025-11-17T11:31:40","slug":"one-s-gurt-5-m-kopie","status":"publish","type":"product","link":"https:\/\/flexi.de\/de\/produkte\/one-s-gurt-5-m-kopie\/","title":{"rendered":"One S Gurt 5 m"},"content":{"rendered":"<ul>\n<li>F\u00fcr Hunde bis max. 15 kg<\/li>\n<li>Besonders robuster Gurt<\/li>\n<li>Perfektionierter Gurtauslauf<\/li>\n<li>Soft-Griff<\/li>\n<li>Geh\u00e4use mit hochglanzpolierten Oberfl\u00e4chen<\/li>\n<li>Produktgewicht: ca. 230 g<\/li>\n<\/ul>\n","protected":false},"excerpt":{"rendered":"<p>F\u00fcr Hunde bis max. 15 kg Besonders robuster Gurt Perfektionierter Gurtauslauf Soft-Griff Geh\u00e4use mit hochglanzpolierten Oberfl\u00e4chen Produktgewicht:","protected":false},"featured_media":39843,"template":"","meta":[],"product_brand":[],"product_cat":[60,322,25,345,35,36,44,46,38,40],"product_tag":[],"class_list":{"0":"post-39845","1":"product","2":"type-product","3":"status-publish","4":"has-post-thumbnail","6":"product_cat-erweiterbar-mit","7":"product_cat-daempfgurt-fuer-gurt-leinen-gr-s-m","8":"product_cat-kollektion","9":"product_cat-one","10":"product_cat-leinenart","11":"product_cat-gurt","12":"product_cat-leinengroesse","13":"product_cat-s","14":"product_cat-leinenlaenge","15":"product_cat-5-m","17":"first","18":"instock","19":"featured","20":"taxable","21":"shipping-taxable","22":"product-type-simple"},"_links":{"self":[{"href":"https:\/\/flexi.de\/de\/wp-json\/wp\/v2\/product\/39845","targetHints":{"allow":["GET"]}}],"collection":[{"href":"https:\/\/flexi.de\/de\/wp-json\/wp\/v2\/product"}],"about":[{"href":"https:\/\/flexi.de\/de\/wp-json\/wp\/v2\/types\/product"}],"wp:featuredmedia":[{"embeddable":true,"href":"https:\/\/flexi.de\/de\/wp-json\/wp\/v2\/media\/39843"}],"wp:attachment":[{"href":"https:\/\/flexi.de\/de\/wp-json\/wp\/v2\/media?parent=39845"}],"wp:term":[{"taxonomy":"product_brand","embeddable":true,"href":"https:\/\/flexi.de\/de\/wp-json\/wp\/v2\/product_brand?post=39845"},{"taxonomy":"product_cat","embeddable":true,"href":"https:\/\/flexi.de\/de\/wp-json\/wp\/v2\/product_cat?post=39845"},{"taxonomy":"product_tag","embeddable":true,"href":"https:\/\/flexi.de\/de\/wp-json\/wp\/v2\/product_tag?post=39845"}],"curies":[{"name":"wp","href":"https:\/\/api.w.org\/{rel}","templated":true}]}}