{"id":26,"date":"2016-09-01T12:18:05","date_gmt":"2016-09-01T10:18:05","guid":{"rendered":"http:\/\/pixonauts.com\/flexi-mit-cms\/?page_id=26"},"modified":"2021-09-16T15:46:27","modified_gmt":"2021-09-16T13:46:27","slug":"imprint","status":"publish","type":"page","link":"https:\/\/flexi.de\/es\/imprint\/","title":{"rendered":"Pie de imprenta"},"content":{"rendered":"<h3>Usted se encuentra en la p\u00e1gina web de:<\/h3>\n<p><strong>flexi \u2013 Bogdahn International<br \/>\nGmbH &amp; Co. KG<br \/>\n<\/strong><br \/>\nCarl-Benz-Weg 13<br \/>\n22941 Bargteheide<br \/>\nGermany<br \/>\nphone: +49(0)4532\/4044-0<br \/>\nfax: \u00a0 \u00a0\u00a0 +49 (0)4532\/4044-42<\/p>\n<p>E-Mail:\u00a0<a href=\"mailto:info@flexi.de\">info@flexi.de<\/a><\/p>\n<p>Director gerente: Manfred Bogdahn<br \/>\nInscrita en: L\u00fcbeck HRA 3053 AH<br \/>\nNo ID.: DE 812 426 457<br \/>\nComplementary: flexi\u2013Bogdahn International Verwaltungs-GmbH (L\u00fcbeck, HRB 17069 HL)<\/p>\n<h3>Exclusi\u00f3n de responsabilidad<\/h3>\n<p>Todos los datos de las p\u00e1ginas de Internet de la empresa\u00a0<strong>flexi<\/strong>\u00a0\u2013 Bogdahn International GmbH &amp; Co. KG fueron investigados y revisados por\u00a0<strong>flexi<\/strong>\u00a0\u2013 Bogdahn International GmbH &amp; Co. KG o bien, por terceros.\u00a0\u00a0A pesar de todo el esmero los datos, entretanto pueden haber cambiado. Por ello, no se puede asumir la responsabilidad o garant\u00eda por la correcci\u00f3n, integridad y actualidad de la informaci\u00f3n suministrada, especialmente la suministrada por terceros. Esto tambi\u00e9n rige para todas las otras p\u00e1ginas de Internet con las que se puede enlazar desde\u00a0flexi\u00a0y para aquellas que tengan enlaces con\u00a0<strong>flexi<\/strong>\u00a0\u2013 Bogdahn International GmbH &amp; Co. KG. La empresa <strong>flexi<\/strong>\u00a0\u2013 Bogdahn International GmbH &amp; Co. KG no es responsable del contenido de aquellas p\u00e1ginas de Internet a las que se pueda llegar a trav\u00e9s de enlaces. Adem\u00e1s\u00a0<strong>flexi<\/strong>\u00a0\u2013 Bogdahn International GmbH &amp; Co. KG, se reserva el derecho de efectuar modificaciones o complementos de las informaciones dispuestas.<\/p>\n<p>Esto tambi\u00e9n rige para la tienda de Internet de\u00a0<strong>flexi<\/strong>\u00a0\u2013 Sales GmbH &amp; Co. KG, integrada en esta presentaci\u00f3n en Internet.<br \/>\nEl contenido y la estructura de las p\u00e1ginas de Internet de\u00a0<strong>flexi<\/strong>\u00a0\u2013 Bogdahn International GmbH &amp; Co. KG est\u00e1n protegidos por los derechos de autor. La reproducci\u00f3n de informaci\u00f3n o datos, especialmente el uso de textos, partes de textos o material gr\u00e1fico necesita el consentimiento previo de\u00a0<strong>flexi<\/strong>\u00a0\u2013 Bogdahn International GmbH &amp; Co. KG.<br \/>\n<strong>flexi<\/strong>\u00ae\u00a0es una marca registrada de\u00a0<strong>flexi<\/strong>\u00a0\u2013 Bogdahn International GmbH &amp; Co. KG, Bargteheide \u2013 Germany. Quedan reservados todos los derechos.<\/p>\n","protected":false},"excerpt":{"rendered":"<p>Usted se encuentra en la p\u00e1gina web de: flexi \u2013 Bogdahn International GmbH &amp; Co. KG Carl-Benz-Weg 13 22941 Bargteheide Germany phone:","protected":false},"author":1,"featured_media":0,"parent":0,"menu_order":12,"comment_status":"closed","ping_status":"closed","template":"","meta":{"footnotes":""},"class_list":["post-26","page","type-page","status-publish","hentry"],"_links":{"self":[{"href":"https:\/\/flexi.de\/es\/wp-json\/wp\/v2\/pages\/26","targetHints":{"allow":["GET"]}}],"collection":[{"href":"https:\/\/flexi.de\/es\/wp-json\/wp\/v2\/pages"}],"about":[{"href":"https:\/\/flexi.de\/es\/wp-json\/wp\/v2\/types\/page"}],"author":[{"embeddable":true,"href":"https:\/\/flexi.de\/es\/wp-json\/wp\/v2\/users\/1"}],"replies":[{"embeddable":true,"href":"https:\/\/flexi.de\/es\/wp-json\/wp\/v2\/comments?post=26"}],"version-history":[{"count":0,"href":"https:\/\/flexi.de\/es\/wp-json\/wp\/v2\/pages\/26\/revisions"}],"wp:attachment":[{"href":"https:\/\/flexi.de\/es\/wp-json\/wp\/v2\/media?parent=26"}],"curies":[{"name":"wp","href":"https:\/\/api.w.org\/{rel}","templated":true}]}}