{"id":251,"date":"2016-09-10T16:59:15","date_gmt":"2016-09-10T14:59:15","guid":{"rendered":"http:\/\/pixonauts.com\/flexi-mit-cms\/?post_type=product&#038;p=251"},"modified":"2025-03-31T09:51:51","modified_gmt":"2025-03-31T07:51:51","slug":"led-lighting-system","status":"publish","type":"product","link":"https:\/\/flexi.de\/es\/products\/led-lighting-system\/","title":{"rendered":"LED Lighting System"},"content":{"rendered":"<ul>\n<li>L\u00e1mpara ajustable con luz frontal y trasera<\/li>\n<li>F\u00e1cil instalaci\u00f3n atrav\u00e9s de una cinta de velcro<\/li>\n<li>Recargable<br \/>\ntenga en cuenta la <a href=\"https:\/\/flexi.de\/es\/informations\/?goto=section-3\">informaci\u00f3n sobre las bater\u00edas de iones de litio<\/a><\/li>\n<li>Compatible para tama\u00f1os S, M, L<\/li>\n<\/ul>\n","protected":false},"excerpt":{"rendered":"<p>L\u00e1mpara ajustable con luz frontal y trasera F\u00e1cil instalaci\u00f3n atrav\u00e9s de una cinta de velcro Recargable tenga en cuenta la informaci\u00f3n","protected":false},"featured_media":2240,"template":"","meta":[],"product_brand":[],"product_cat":[25,27,28,231,230,29,68,46,47,48],"product_tag":[],"class_list":{"0":"post-251","1":"product","2":"type-product","3":"status-publish","4":"has-post-thumbnail","6":"product_cat-flexi-collection","7":"product_cat-comfort","8":"product_cat-classic","9":"product_cat-xtreme","10":"product_cat-select","11":"product_cat-black-design","12":"product_cat-flexi-accessoires","13":"product_cat-s","14":"product_cat-m","15":"product_cat-l","17":"first","18":"instock","19":"taxable","20":"shipping-taxable","21":"purchasable","22":"product-type-variable"},"_links":{"self":[{"href":"https:\/\/flexi.de\/es\/wp-json\/wp\/v2\/product\/251","targetHints":{"allow":["GET"]}}],"collection":[{"href":"https:\/\/flexi.de\/es\/wp-json\/wp\/v2\/product"}],"about":[{"href":"https:\/\/flexi.de\/es\/wp-json\/wp\/v2\/types\/product"}],"wp:featuredmedia":[{"embeddable":true,"href":"https:\/\/flexi.de\/es\/wp-json\/wp\/v2\/media\/2240"}],"wp:attachment":[{"href":"https:\/\/flexi.de\/es\/wp-json\/wp\/v2\/media?parent=251"}],"wp:term":[{"taxonomy":"product_brand","embeddable":true,"href":"https:\/\/flexi.de\/es\/wp-json\/wp\/v2\/product_brand?post=251"},{"taxonomy":"product_cat","embeddable":true,"href":"https:\/\/flexi.de\/es\/wp-json\/wp\/v2\/product_cat?post=251"},{"taxonomy":"product_tag","embeddable":true,"href":"https:\/\/flexi.de\/es\/wp-json\/wp\/v2\/product_tag?post=251"}],"curies":[{"name":"wp","href":"https:\/\/api.w.org\/{rel}","templated":true}]}}