{"id":30068,"date":"2025-09-29T10:15:41","date_gmt":"2025-09-29T08:15:41","guid":{"rendered":"https:\/\/flexi.de\/es\/?post_type=product&#038;p=30068"},"modified":"2025-09-29T10:44:57","modified_gmt":"2025-09-29T08:44:57","slug":"cat-cordon-3-m","status":"publish","type":"product","link":"https:\/\/flexi.de\/es\/products\/cat-cordon-3-m\/","title":{"rendered":"CAT cord\u00f3n 3 m"},"content":{"rendered":"<ul>\n<li>Para gatos de hasta m\u00e1x. 8 kg<\/li>\n<li>Utilizar siempre junto con un arn\u00e9s para gatos<\/li>\n<li>Sistema de c\u00f3modo frenado<\/li>\n<li>Tama\u00f1o bolsillo (especialmente ligero)<\/li>\n<li>Peso del producto: aprox. 100\u00a0g<\/li>\n<li>4 colores: negro, azul, rosa, rojo<\/li>\n<\/ul>\n","protected":false},"excerpt":{"rendered":"<p>Para gatos de hasta m\u00e1x. 8 kg Utilizar siempre junto con un arn\u00e9s para gatos Sistema de c\u00f3modo frenado Tama\u00f1o bolsillo (especialmente","protected":false},"featured_media":30047,"template":"","meta":[],"product_brand":[],"product_cat":[322,25,35,37,44,45,38,39],"product_tag":[],"class_list":{"0":"post-30068","1":"product","2":"type-product","3":"status-publish","4":"has-post-thumbnail","6":"product_cat-cat","7":"product_cat-flexi-collection","8":"product_cat-leinenart","9":"product_cat-seil","10":"product_cat-leinengroesse","11":"product_cat-xs","12":"product_cat-leinenlaenge","13":"product_cat-3-m","15":"first","16":"instock","17":"featured","18":"taxable","19":"shipping-taxable","20":"purchasable","21":"product-type-variable"},"_links":{"self":[{"href":"https:\/\/flexi.de\/es\/wp-json\/wp\/v2\/product\/30068","targetHints":{"allow":["GET"]}}],"collection":[{"href":"https:\/\/flexi.de\/es\/wp-json\/wp\/v2\/product"}],"about":[{"href":"https:\/\/flexi.de\/es\/wp-json\/wp\/v2\/types\/product"}],"wp:featuredmedia":[{"embeddable":true,"href":"https:\/\/flexi.de\/es\/wp-json\/wp\/v2\/media\/30047"}],"wp:attachment":[{"href":"https:\/\/flexi.de\/es\/wp-json\/wp\/v2\/media?parent=30068"}],"wp:term":[{"taxonomy":"product_brand","embeddable":true,"href":"https:\/\/flexi.de\/es\/wp-json\/wp\/v2\/product_brand?post=30068"},{"taxonomy":"product_cat","embeddable":true,"href":"https:\/\/flexi.de\/es\/wp-json\/wp\/v2\/product_cat?post=30068"},{"taxonomy":"product_tag","embeddable":true,"href":"https:\/\/flexi.de\/es\/wp-json\/wp\/v2\/product_tag?post=30068"}],"curies":[{"name":"wp","href":"https:\/\/api.w.org\/{rel}","templated":true}]}}