{"id":787,"date":"2016-10-26T10:32:46","date_gmt":"2016-10-26T08:32:46","guid":{"rendered":"http:\/\/pixonauts.com\/flexi-mit-cms-hell\/?post_type=product&#038;p=787"},"modified":"2024-07-16T07:54:20","modified_gmt":"2024-07-16T05:54:20","slug":"comfort-xs-3m-tape-dog_lead_leash","status":"publish","type":"product","link":"https:\/\/flexi.de\/es\/products\/comfort-xs-3m-tape-dog_lead_leash\/","title":{"rendered":"Comfort XS cinta 3 m"},"content":{"rendered":"<ul>\n<li>Para perros de hasta m\u00e1x. 12 kg<\/li>\n<li>Cinta especialmente robusta<\/li>\n<li>Tama\u00f1o bolsillo<\/li>\n<li>Especialmente ligero<\/li>\n<li>Sistema c\u00f3modo de frenado<\/li>\n<li>Componentes suaves<\/li>\n<li>Peso del producto: aprox. 120\u00a0g<\/li>\n<li>5 colores: rojo, azul, negro, azul claro y rosa<\/li>\n<\/ul>\n","protected":false},"excerpt":{"rendered":"<p>Para perros de hasta m\u00e1x. 12 kg Cinta especialmente robusta Tama\u00f1o bolsillo Especialmente ligero Sistema c\u00f3modo de frenado Componentes","protected":false},"featured_media":2321,"template":"","meta":[],"product_brand":[],"product_cat":[25,27,35,36,44,45,38,39],"product_tag":[],"class_list":{"0":"post-787","1":"product","2":"type-product","3":"status-publish","4":"has-post-thumbnail","6":"product_cat-flexi-collection","7":"product_cat-comfort","8":"product_cat-leinenart","9":"product_cat-gurt","10":"product_cat-leinengroesse","11":"product_cat-xs","12":"product_cat-leinenlaenge","13":"product_cat-3-m","15":"first","16":"instock","17":"taxable","18":"shipping-taxable","19":"purchasable","20":"product-type-variable","21":"has-default-attributes"},"_links":{"self":[{"href":"https:\/\/flexi.de\/es\/wp-json\/wp\/v2\/product\/787","targetHints":{"allow":["GET"]}}],"collection":[{"href":"https:\/\/flexi.de\/es\/wp-json\/wp\/v2\/product"}],"about":[{"href":"https:\/\/flexi.de\/es\/wp-json\/wp\/v2\/types\/product"}],"wp:featuredmedia":[{"embeddable":true,"href":"https:\/\/flexi.de\/es\/wp-json\/wp\/v2\/media\/2321"}],"wp:attachment":[{"href":"https:\/\/flexi.de\/es\/wp-json\/wp\/v2\/media?parent=787"}],"wp:term":[{"taxonomy":"product_brand","embeddable":true,"href":"https:\/\/flexi.de\/es\/wp-json\/wp\/v2\/product_brand?post=787"},{"taxonomy":"product_cat","embeddable":true,"href":"https:\/\/flexi.de\/es\/wp-json\/wp\/v2\/product_cat?post=787"},{"taxonomy":"product_tag","embeddable":true,"href":"https:\/\/flexi.de\/es\/wp-json\/wp\/v2\/product_tag?post=787"}],"curies":[{"name":"wp","href":"https:\/\/api.w.org\/{rel}","templated":true}]}}