{"id":864,"date":"2016-10-26T14:34:15","date_gmt":"2016-10-26T12:34:15","guid":{"rendered":"http:\/\/pixonauts.com\/flexi-mit-cms-hell\/?post_type=product&#038;p=864"},"modified":"2021-09-16T17:06:48","modified_gmt":"2021-09-16T15:06:48","slug":"black-design-xs-3m-cord-dog_lead","status":"publish","type":"product","link":"https:\/\/flexi.de\/es\/products\/black-design-xs-3m-cord-dog_lead\/","title":{"rendered":"Black Design XS cord\u00f3n 3 m"},"content":{"rendered":"<ul>\n<li>Correa de cord\u00f3n de 3\u00a0m<\/li>\n<li>Para perros,\u00a0gatos y peque\u00f1os animales de hasta m\u00e1x. 8 kg<\/li>\n<li>Tama\u00f1o bolsillo<\/li>\n<li>Especialmente ligero<\/li>\n<li>Sistema c\u00f3modo de frenado<\/li>\n<li>Peso del producto: aprox. 100\u00a0g<\/li>\n<li>4 colores: rosa, verde, negro, azul<\/li>\n<\/ul>\n","protected":false},"excerpt":{"rendered":"<p>Correa de cord\u00f3n de 3\u00a0m Para perros,\u00a0gatos y peque\u00f1os animales de hasta m\u00e1x. 8 kg Tama\u00f1o bolsillo Especialmente ligero Sistema c\u00f3modo","protected":false},"featured_media":2432,"template":"","meta":[],"product_brand":[],"product_cat":[25,29,37,45,39],"product_tag":[],"class_list":{"0":"post-864","1":"product","2":"type-product","3":"status-publish","4":"has-post-thumbnail","6":"product_cat-flexi-collection","7":"product_cat-black-design","8":"product_cat-seil","9":"product_cat-xs","10":"product_cat-3-m","12":"first","13":"instock","14":"taxable","15":"shipping-taxable","16":"purchasable","17":"product-type-variable"},"_links":{"self":[{"href":"https:\/\/flexi.de\/es\/wp-json\/wp\/v2\/product\/864","targetHints":{"allow":["GET"]}}],"collection":[{"href":"https:\/\/flexi.de\/es\/wp-json\/wp\/v2\/product"}],"about":[{"href":"https:\/\/flexi.de\/es\/wp-json\/wp\/v2\/types\/product"}],"wp:featuredmedia":[{"embeddable":true,"href":"https:\/\/flexi.de\/es\/wp-json\/wp\/v2\/media\/2432"}],"wp:attachment":[{"href":"https:\/\/flexi.de\/es\/wp-json\/wp\/v2\/media?parent=864"}],"wp:term":[{"taxonomy":"product_brand","embeddable":true,"href":"https:\/\/flexi.de\/es\/wp-json\/wp\/v2\/product_brand?post=864"},{"taxonomy":"product_cat","embeddable":true,"href":"https:\/\/flexi.de\/es\/wp-json\/wp\/v2\/product_cat?post=864"},{"taxonomy":"product_tag","embeddable":true,"href":"https:\/\/flexi.de\/es\/wp-json\/wp\/v2\/product_tag?post=864"}],"curies":[{"name":"wp","href":"https:\/\/api.w.org\/{rel}","templated":true}]}}