{"id":26,"date":"2016-09-01T12:18:05","date_gmt":"2016-09-01T10:18:05","guid":{"rendered":"http:\/\/pixonauts.com\/flexi-mit-cms\/?page_id=26"},"modified":"2021-08-15T09:19:19","modified_gmt":"2021-08-15T07:19:19","slug":"imprint","status":"publish","type":"page","link":"https:\/\/flexi.de\/fr\/imprint\/","title":{"rendered":"Mentions l\u00e9gales"},"content":{"rendered":"<h3>Vous vous trouvez sur le site Internet de:<\/h3>\n<p><strong>flexi \u2013 Bogdahn International GmbH &amp; Co. KG<\/strong><br \/>\nCarl-Benz-Weg 13<br \/>\n22941 Bargteheide<br \/>\nAllemagne<br \/>\nT\u00e9l. : +49 (0) 4532\/4044-0<br \/>\nFax : +49 (0) 4532\/4044-42<\/p>\n<p>E-Mail: info@flexi.de<\/p>\n<p>Directeur : Manfred Bogdahn<br \/>\nEnregistr\u00e9 : L\u00fcbeck HRA 3053 AH<br \/>\nNum\u00e9ro d\u2019identification : DE 812 426 457<br \/>\nComplementary : flexi\u2013Bogdahn International Verwaltungs-GmbH (L\u00fcbeck, HRB 17069 HL)<\/p>\n<h3>Exclusion de responsabilit\u00e9<\/h3>\n<p>Toutes les informations contenues sur le site Internet de flexi \u2013 Bogdahn International GmbH &amp; Co. KG ont fait l\u2019objet de recherches et de v\u00e9rifications scrupuleuses de la part de flexi \u2013 Bogdahn International GmbH &amp; Co. KG ou de personnes tierces. Les donn\u00e9es pourront, malgr\u00e9 le soin apport\u00e9, \u00eatre modifi\u00e9es \u00e0 tout moment. Aucune responsabilit\u00e9 ni garantie n\u2019existe en termes d\u2019exactitude, d\u2019int\u00e9gralit\u00e9 ni d\u2019actualit\u00e9 \u2013 surtout pour ce qui est des informations transmises par des personnes ext\u00e9rieures. Ce principe s\u2019applique \u00e9galement \u00e0 tous les autres sites Internet qui ont fait l\u2019objet de liens sur le portail de flexi \u2013 Bogdahn International GmbH &amp; Co. KG. L\u2019entreprise flexi \u2013 Bogdahn International GmbH &amp; Co. KG n\u2019est pas responsable des informations pr\u00e9sent\u00e9es sur les pages web consultables via ces liens. Par ailleurs, flexi \u2013 Bogdahn International GmbH &amp; Co. KG se r\u00e9serve le droit de modifier ou de compl\u00e9ter les informations d\u00e9j\u00e0 publi\u00e9es en ligne.<\/p>\n<p>Le contenu et la structure du site Internet de flexi \u2013 Bogdahn International GmbH &amp; Co. KG sont prot\u00e9g\u00e9s par des droits d\u2019auteur. Toute reproduction d\u2019informations ou de donn\u00e9es, utilisation de textes, de parties de texte ou de photographies\/images n\u00e9cessite d\u2019avoir re\u00e7u, au pr\u00e9alable, l\u2019autorisation de flexi \u2013 Bogdahn International GmbH &amp; Co. KG.<\/p>\n<p>flexi\u00ae est une marque d\u00e9pos\u00e9e de flexi \u2013 Bogdahn International GmbH &amp; Co. KG, Bargteheide \u2013 Allemagne. Tous droits d\u2019auteur r\u00e9serv\u00e9s.<\/p>\n","protected":false},"excerpt":{"rendered":"<p>Vous vous trouvez sur le site Internet de: flexi \u2013 Bogdahn International GmbH &amp; Co. KG Carl-Benz-Weg 13 22941 Bargteheide Allemagne","protected":false},"author":1,"featured_media":0,"parent":0,"menu_order":12,"comment_status":"closed","ping_status":"closed","template":"","meta":{"footnotes":""},"class_list":["post-26","page","type-page","status-publish","hentry"],"_links":{"self":[{"href":"https:\/\/flexi.de\/fr\/wp-json\/wp\/v2\/pages\/26","targetHints":{"allow":["GET"]}}],"collection":[{"href":"https:\/\/flexi.de\/fr\/wp-json\/wp\/v2\/pages"}],"about":[{"href":"https:\/\/flexi.de\/fr\/wp-json\/wp\/v2\/types\/page"}],"author":[{"embeddable":true,"href":"https:\/\/flexi.de\/fr\/wp-json\/wp\/v2\/users\/1"}],"replies":[{"embeddable":true,"href":"https:\/\/flexi.de\/fr\/wp-json\/wp\/v2\/comments?post=26"}],"version-history":[{"count":0,"href":"https:\/\/flexi.de\/fr\/wp-json\/wp\/v2\/pages\/26\/revisions"}],"wp:attachment":[{"href":"https:\/\/flexi.de\/fr\/wp-json\/wp\/v2\/media?parent=26"}],"curies":[{"name":"wp","href":"https:\/\/api.w.org\/{rel}","templated":true}]}}