{"id":30088,"date":"2025-07-16T12:18:59","date_gmt":"2025-07-16T10:18:59","guid":{"rendered":"https:\/\/flexi.de\/fr\/?page_id=30088"},"modified":"2025-07-16T18:01:36","modified_gmt":"2025-07-16T16:01:36","slug":"service-clients","status":"publish","type":"page","link":"https:\/\/flexi.de\/fr\/service-clients\/","title":{"rendered":"Bienvenue sur le portail client flexi"},"content":{"rendered":"<p>Veuillez remplir le formulaire et nous l&rsquo;envoyer. Nous vous contacterons dans les plus brefs d\u00e9lais. Les champs obligatoires sont marqu\u00e9s d&rsquo;un ast\u00e9risque (<span class=\"red-color\">*<\/span>).<\/p>\n","protected":false},"excerpt":{"rendered":"<p>Veuillez remplir le formulaire et nous l&rsquo;envoyer. Nous vous contacterons dans les plus brefs d\u00e9lais. Les champs obligatoires sont marqu\u00e9s","protected":false},"author":3,"featured_media":0,"parent":0,"menu_order":9,"comment_status":"closed","ping_status":"closed","template":"tpl-complaint-form.php","meta":{"footnotes":""},"class_list":["post-30088","page","type-page","status-publish","hentry"],"_links":{"self":[{"href":"https:\/\/flexi.de\/fr\/wp-json\/wp\/v2\/pages\/30088","targetHints":{"allow":["GET"]}}],"collection":[{"href":"https:\/\/flexi.de\/fr\/wp-json\/wp\/v2\/pages"}],"about":[{"href":"https:\/\/flexi.de\/fr\/wp-json\/wp\/v2\/types\/page"}],"author":[{"embeddable":true,"href":"https:\/\/flexi.de\/fr\/wp-json\/wp\/v2\/users\/3"}],"replies":[{"embeddable":true,"href":"https:\/\/flexi.de\/fr\/wp-json\/wp\/v2\/comments?post=30088"}],"version-history":[{"count":3,"href":"https:\/\/flexi.de\/fr\/wp-json\/wp\/v2\/pages\/30088\/revisions"}],"predecessor-version":[{"id":30094,"href":"https:\/\/flexi.de\/fr\/wp-json\/wp\/v2\/pages\/30088\/revisions\/30094"}],"wp:attachment":[{"href":"https:\/\/flexi.de\/fr\/wp-json\/wp\/v2\/media?parent=30088"}],"curies":[{"name":"wp","href":"https:\/\/api.w.org\/{rel}","templated":true}]}}