{"id":1987,"date":"2017-06-01T10:37:55","date_gmt":"2017-06-01T08:37:55","guid":{"rendered":"https:\/\/flexi.de\/fr\/flexi-fr\/products\/glam-splash-m-5m-tape\/"},"modified":"2024-07-26T11:47:40","modified_gmt":"2024-07-26T09:47:40","slug":"glam-splash-m-5m-tape","status":"publish","type":"product","link":"https:\/\/flexi.de\/fr\/products\/glam-splash-m-5m-tape\/","title":{"rendered":"Glam Splash M sangle 5 m"},"content":{"rendered":"<ul>\n<li>Laisse sangle de 5\u00a0m<\/li>\n<li>Pour chiens de toute taille jusqu&rsquo;\u00e0 25\u00a0kg<\/li>\n<li>Bo\u00eetier laqu\u00e9 brillant<\/li>\n<li>Raffin\u00e9 \u00e0 la main avec des cristaux de grande qualit\u00e9<\/li>\n<li>Sangle bordur\u00e9e de cuir<\/li>\n<li>Mousqueton chrom\u00e9<\/li>\n<li>Poids: environ 250\u00a0g<\/li>\n<li>5 Couleurs: Crystal, Leaf, Mystic, Ocean, Pink<\/li>\n<\/ul>\n","protected":false},"excerpt":{"rendered":"<p>Laisse sangle de 5\u00a0m Pour chiens de toute taille jusqu&rsquo;\u00e0 25\u00a0kg Bo\u00eetier laqu\u00e9 brillant Raffin\u00e9 \u00e0 la main avec des cristaux de","protected":false},"featured_media":1977,"template":"","meta":[],"product_brand":[],"product_cat":[34,36,47,40],"product_tag":[],"class_list":{"0":"post-1987","1":"product","2":"type-product","3":"status-publish","4":"has-post-thumbnail","6":"product_cat-glam","7":"product_cat-gurt","8":"product_cat-m","9":"product_cat-5-m","11":"first","12":"instock","13":"taxable","14":"shipping-taxable","15":"purchasable","16":"product-type-variable"},"_links":{"self":[{"href":"https:\/\/flexi.de\/fr\/wp-json\/wp\/v2\/product\/1987","targetHints":{"allow":["GET"]}}],"collection":[{"href":"https:\/\/flexi.de\/fr\/wp-json\/wp\/v2\/product"}],"about":[{"href":"https:\/\/flexi.de\/fr\/wp-json\/wp\/v2\/types\/product"}],"wp:featuredmedia":[{"embeddable":true,"href":"https:\/\/flexi.de\/fr\/wp-json\/wp\/v2\/media\/1977"}],"wp:attachment":[{"href":"https:\/\/flexi.de\/fr\/wp-json\/wp\/v2\/media?parent=1987"}],"wp:term":[{"taxonomy":"product_brand","embeddable":true,"href":"https:\/\/flexi.de\/fr\/wp-json\/wp\/v2\/product_brand?post=1987"},{"taxonomy":"product_cat","embeddable":true,"href":"https:\/\/flexi.de\/fr\/wp-json\/wp\/v2\/product_cat?post=1987"},{"taxonomy":"product_tag","embeddable":true,"href":"https:\/\/flexi.de\/fr\/wp-json\/wp\/v2\/product_tag?post=1987"}],"curies":[{"name":"wp","href":"https:\/\/api.w.org\/{rel}","templated":true}]}}