{"id":2486,"date":"2021-05-19T11:11:43","date_gmt":"2021-05-19T09:11:43","guid":{"rendered":"https:\/\/flexi.de\/fr\/flexi-fr\/?post_type=product&#038;p=2486"},"modified":"2023-07-21T10:55:53","modified_gmt":"2023-07-21T08:55:53","slug":"xtreme-s-tape-5-m","status":"publish","type":"product","link":"https:\/\/flexi.de\/fr\/products\/xtreme-s-tape-5-m\/","title":{"rendered":"Xtreme S sangle 5 m"},"content":{"rendered":"<ul>\n<li>Pour les chiens jusqu&rsquo;\u00e0 20 kg<\/li>\n<li>Sangle extr\u00eamement r\u00e9sistante aux morsures [ flexi\u00ae X11-Tape ]<\/li>\n<li>El\u00e9ment \u00e9lastique int\u00e9gr\u00e9 \u00ab\u00a0soft-stop\u00a0\u00bb<\/li>\n<li>Poign\u00e9e souple<\/li>\n<li>Syst\u00e8me de guidage perfectionn\u00e9<\/li>\n<li>Syst\u00e8me de freinage confortable<\/li>\n<li>Extensible avec Multi Box et LED Lighting System (syst\u00e8me d&rsquo;\u00e9clairage LED)<\/li>\n<li>Poids de produit environ 245 g.<\/li>\n<\/ul>\n","protected":false},"excerpt":{"rendered":"<p>Pour les chiens jusqu&rsquo;\u00e0 20 kg Sangle extr\u00eamement r\u00e9sistante aux morsures [ flexi\u00ae X11-Tape ] El\u00e9ment \u00e9lastique int\u00e9gr\u00e9 \u00ab\u00a0soft-stop\u00a0\u00bb","protected":false},"featured_media":2466,"template":"","meta":[],"product_brand":[],"product_cat":[25,231,60,63,67,35,36,44,46,38,40],"product_tag":[],"class_list":{"0":"post-2486","1":"product","2":"type-product","3":"status-publish","4":"has-post-thumbnail","6":"product_cat-flexi-collection","7":"product_cat-xtreme","8":"product_cat-erweiterbar-mit","9":"product_cat-led-lighting-system","10":"product_cat-multi-box","11":"product_cat-leinenart","12":"product_cat-gurt","13":"product_cat-leinengroesse","14":"product_cat-s","15":"product_cat-leinenlaenge","16":"product_cat-5-m","18":"first","19":"instock","20":"taxable","21":"shipping-taxable","22":"purchasable","23":"product-type-simple"},"_links":{"self":[{"href":"https:\/\/flexi.de\/fr\/wp-json\/wp\/v2\/product\/2486","targetHints":{"allow":["GET"]}}],"collection":[{"href":"https:\/\/flexi.de\/fr\/wp-json\/wp\/v2\/product"}],"about":[{"href":"https:\/\/flexi.de\/fr\/wp-json\/wp\/v2\/types\/product"}],"wp:featuredmedia":[{"embeddable":true,"href":"https:\/\/flexi.de\/fr\/wp-json\/wp\/v2\/media\/2466"}],"wp:attachment":[{"href":"https:\/\/flexi.de\/fr\/wp-json\/wp\/v2\/media?parent=2486"}],"wp:term":[{"taxonomy":"product_brand","embeddable":true,"href":"https:\/\/flexi.de\/fr\/wp-json\/wp\/v2\/product_brand?post=2486"},{"taxonomy":"product_cat","embeddable":true,"href":"https:\/\/flexi.de\/fr\/wp-json\/wp\/v2\/product_cat?post=2486"},{"taxonomy":"product_tag","embeddable":true,"href":"https:\/\/flexi.de\/fr\/wp-json\/wp\/v2\/product_tag?post=2486"}],"curies":[{"name":"wp","href":"https:\/\/api.w.org\/{rel}","templated":true}]}}