{"id":29948,"date":"2022-06-30T13:21:31","date_gmt":"2022-06-30T11:21:31","guid":{"rendered":"https:\/\/flexi.de\/fr\/?post_type=product&#038;p=29948"},"modified":"2025-03-31T08:33:54","modified_gmt":"2025-03-31T06:33:54","slug":"xtreme-xs-sangle-3-m","status":"publish","type":"product","link":"https:\/\/flexi.de\/fr\/products\/xtreme-xs-sangle-3-m\/","title":{"rendered":"Xtreme XS sangle 3 m"},"content":{"rendered":"<ul>\n<li>Pour les chiens jusqu&rsquo;\u00e0 15 kg<\/li>\n<li>Sangle extr\u00eamement r\u00e9sistante aux morsures [ flexi\u00ae X11-Tape ]<\/li>\n<li>El\u00e9ment \u00e9lastique int\u00e9gr\u00e9 \u00ab\u00a0soft-stop\u00a0\u00bb<\/li>\n<li>Poign\u00e9e souple<\/li>\n<li>Syst\u00e8me de guidage perfectionn\u00e9<\/li>\n<li>Syst\u00e8me de freinage confortable<\/li>\n<li>Poids de produit environ 245g.<\/li>\n<\/ul>\n","protected":false},"excerpt":{"rendered":"<p>Pour les chiens jusqu&rsquo;\u00e0 15 kg Sangle extr\u00eamement r\u00e9sistante aux morsures [ flexi\u00ae X11-Tape ] El\u00e9ment \u00e9lastique int\u00e9gr\u00e9 \u00ab\u00a0soft-stop\u00a0\u00bb","protected":false},"featured_media":29945,"template":"","meta":[],"product_brand":[],"product_cat":[25,231,60,35,36,44,45,38,39],"product_tag":[],"class_list":{"0":"post-29948","1":"product","2":"type-product","3":"status-publish","4":"has-post-thumbnail","6":"product_cat-flexi-collection","7":"product_cat-xtreme","8":"product_cat-erweiterbar-mit","9":"product_cat-leinenart","10":"product_cat-gurt","11":"product_cat-leinengroesse","12":"product_cat-xs","13":"product_cat-leinenlaenge","14":"product_cat-3-m","16":"first","17":"instock","18":"taxable","19":"shipping-taxable","20":"purchasable","21":"product-type-simple"},"_links":{"self":[{"href":"https:\/\/flexi.de\/fr\/wp-json\/wp\/v2\/product\/29948","targetHints":{"allow":["GET"]}}],"collection":[{"href":"https:\/\/flexi.de\/fr\/wp-json\/wp\/v2\/product"}],"about":[{"href":"https:\/\/flexi.de\/fr\/wp-json\/wp\/v2\/types\/product"}],"wp:featuredmedia":[{"embeddable":true,"href":"https:\/\/flexi.de\/fr\/wp-json\/wp\/v2\/media\/29945"}],"wp:attachment":[{"href":"https:\/\/flexi.de\/fr\/wp-json\/wp\/v2\/media?parent=29948"}],"wp:term":[{"taxonomy":"product_brand","embeddable":true,"href":"https:\/\/flexi.de\/fr\/wp-json\/wp\/v2\/product_brand?post=29948"},{"taxonomy":"product_cat","embeddable":true,"href":"https:\/\/flexi.de\/fr\/wp-json\/wp\/v2\/product_cat?post=29948"},{"taxonomy":"product_tag","embeddable":true,"href":"https:\/\/flexi.de\/fr\/wp-json\/wp\/v2\/product_tag?post=29948"}],"curies":[{"name":"wp","href":"https:\/\/api.w.org\/{rel}","templated":true}]}}