{"id":30134,"date":"2025-11-18T12:08:38","date_gmt":"2025-11-18T11:08:38","guid":{"rendered":"https:\/\/flexi.de\/fr\/?post_type=product&#038;p=30134"},"modified":"2025-11-18T12:11:31","modified_gmt":"2025-11-18T11:11:31","slug":"one-s-sangle-5-m","status":"publish","type":"product","link":"https:\/\/flexi.de\/fr\/products\/one-s-sangle-5-m\/","title":{"rendered":"One S sangle 5 m"},"content":{"rendered":"<ul>\n<li>Laisse sangle de 5 m<\/li>\n<li>Pour chiens jusqu&rsquo;\u00e0 15 kg max.<\/li>\n<li>Sangle particuli\u00e8rement robuste<\/li>\n<li>Syst\u00e8me de guidage perfectionn\u00e9<\/li>\n<li>Poign\u00e9e souple<\/li>\n<li>Bo\u00eetier aux surfaces polies brillantes<\/li>\n<li>Poids du produit : environ 230 g<\/li>\n<\/ul>\n","protected":false},"excerpt":{"rendered":"<p>Laisse sangle de 5 m Pour chiens jusqu&rsquo;\u00e0 15 kg max. Sangle particuli\u00e8rement robuste Syst\u00e8me de guidage perfectionn\u00e9 Poign\u00e9e souple","protected":false},"featured_media":30132,"template":"","meta":[],"product_brand":[],"product_cat":[320,25,35,36,44,46,38,40],"product_tag":[],"class_list":{"0":"post-30134","1":"product","2":"type-product","3":"status-publish","4":"has-post-thumbnail","6":"product_cat-one","7":"product_cat-flexi-collection","8":"product_cat-leinenart","9":"product_cat-gurt","10":"product_cat-leinengroesse","11":"product_cat-s","12":"product_cat-leinenlaenge","13":"product_cat-5-m","15":"first","16":"instock","17":"featured","18":"taxable","19":"shipping-taxable","20":"product-type-simple"},"_links":{"self":[{"href":"https:\/\/flexi.de\/fr\/wp-json\/wp\/v2\/product\/30134","targetHints":{"allow":["GET"]}}],"collection":[{"href":"https:\/\/flexi.de\/fr\/wp-json\/wp\/v2\/product"}],"about":[{"href":"https:\/\/flexi.de\/fr\/wp-json\/wp\/v2\/types\/product"}],"wp:featuredmedia":[{"embeddable":true,"href":"https:\/\/flexi.de\/fr\/wp-json\/wp\/v2\/media\/30132"}],"wp:attachment":[{"href":"https:\/\/flexi.de\/fr\/wp-json\/wp\/v2\/media?parent=30134"}],"wp:term":[{"taxonomy":"product_brand","embeddable":true,"href":"https:\/\/flexi.de\/fr\/wp-json\/wp\/v2\/product_brand?post=30134"},{"taxonomy":"product_cat","embeddable":true,"href":"https:\/\/flexi.de\/fr\/wp-json\/wp\/v2\/product_cat?post=30134"},{"taxonomy":"product_tag","embeddable":true,"href":"https:\/\/flexi.de\/fr\/wp-json\/wp\/v2\/product_tag?post=30134"}],"curies":[{"name":"wp","href":"https:\/\/api.w.org\/{rel}","templated":true}]}}