{"id":787,"date":"2016-10-26T10:32:46","date_gmt":"2016-10-26T08:32:46","guid":{"rendered":"http:\/\/pixonauts.com\/flexi-mit-cms-hell\/?post_type=product&#038;p=787"},"modified":"2024-07-18T07:51:59","modified_gmt":"2024-07-18T05:51:59","slug":"comfort-xs-3m-tape-dog_lead_leash","status":"publish","type":"product","link":"https:\/\/flexi.de\/fr\/products\/comfort-xs-3m-tape-dog_lead_leash\/","title":{"rendered":"Comfort XS sangle 3 m"},"content":{"rendered":"<ul>\n<li>Pour des chiens, chats et petits animaux jusqu\u00b4\u00e0 12\u00a0kg<\/li>\n<li>Sangle particuli\u00e8rement robuste<\/li>\n<li>Format de poche<\/li>\n<li>Tr\u00e8s l\u00e9ger<\/li>\n<li>Syst\u00e8me de freinage confortable<\/li>\n<li>Composants souples<\/li>\n<li>Poids: environ 120\u00a0g<\/li>\n<li>5 couleurs: rouge, bleu, noir, bleu ciel et rose<\/li>\n<\/ul>\n","protected":false},"excerpt":{"rendered":"<p>Pour des chiens, chats et petits animaux jusqu\u00b4\u00e0 12\u00a0kg Sangle particuli\u00e8rement robuste Format de poche Tr\u00e8s l\u00e9ger Syst\u00e8me de freinage","protected":false},"featured_media":2321,"template":"","meta":[],"product_brand":[],"product_cat":[25,27,35,36,44,45,38,39],"product_tag":[],"class_list":{"0":"post-787","1":"product","2":"type-product","3":"status-publish","4":"has-post-thumbnail","6":"product_cat-flexi-collection","7":"product_cat-comfort","8":"product_cat-leinenart","9":"product_cat-gurt","10":"product_cat-leinengroesse","11":"product_cat-xs","12":"product_cat-leinenlaenge","13":"product_cat-3-m","15":"first","16":"instock","17":"taxable","18":"shipping-taxable","19":"purchasable","20":"product-type-variable","21":"has-default-attributes"},"_links":{"self":[{"href":"https:\/\/flexi.de\/fr\/wp-json\/wp\/v2\/product\/787","targetHints":{"allow":["GET"]}}],"collection":[{"href":"https:\/\/flexi.de\/fr\/wp-json\/wp\/v2\/product"}],"about":[{"href":"https:\/\/flexi.de\/fr\/wp-json\/wp\/v2\/types\/product"}],"wp:featuredmedia":[{"embeddable":true,"href":"https:\/\/flexi.de\/fr\/wp-json\/wp\/v2\/media\/2321"}],"wp:attachment":[{"href":"https:\/\/flexi.de\/fr\/wp-json\/wp\/v2\/media?parent=787"}],"wp:term":[{"taxonomy":"product_brand","embeddable":true,"href":"https:\/\/flexi.de\/fr\/wp-json\/wp\/v2\/product_brand?post=787"},{"taxonomy":"product_cat","embeddable":true,"href":"https:\/\/flexi.de\/fr\/wp-json\/wp\/v2\/product_cat?post=787"},{"taxonomy":"product_tag","embeddable":true,"href":"https:\/\/flexi.de\/fr\/wp-json\/wp\/v2\/product_tag?post=787"}],"curies":[{"name":"wp","href":"https:\/\/api.w.org\/{rel}","templated":true}]}}