{"id":800,"date":"2016-10-26T11:10:19","date_gmt":"2016-10-26T09:10:19","guid":{"rendered":"http:\/\/pixonauts.com\/flexi-mit-cms-hell\/?post_type=product&#038;p=800"},"modified":"2024-07-18T07:54:38","modified_gmt":"2024-07-18T05:54:38","slug":"comfort-m-5m-tape-dog_lead_leash","status":"publish","type":"product","link":"https:\/\/flexi.de\/fr\/products\/comfort-m-5m-tape-dog_lead_leash\/","title":{"rendered":"Comfort M sangle 5 m"},"content":{"rendered":"<ul>\n<li>Pour des chiens jusqu&rsquo;\u00e0 25 kg<\/li>\n<li>Sangle particuli\u00e8rement robuste<\/li>\n<li>Poign\u00e9e ajustable<\/li>\n<li>Syst\u00e8me de freinage confortable<\/li>\n<li>Composants souples<\/li>\n<li>Mousqueton chrom\u00e9<\/li>\n<li>Adaptable au LED Lighting System<\/li>\n<li>Extensible avec la Multi Box<\/li>\n<li>Poids: environ 300\u00a0g<\/li>\n<li>5 couleurs: rouge, bleu, noir, bleu ciel et rose<\/li>\n<\/ul>\n","protected":false},"excerpt":{"rendered":"<p>Pour des chiens jusqu&rsquo;\u00e0 25 kg Sangle particuli\u00e8rement robuste Poign\u00e9e ajustable Syst\u00e8me de freinage confortable Composants souples","protected":false},"featured_media":2311,"template":"","meta":[],"product_brand":[],"product_cat":[25,27,60,63,67,35,36,44,47,38,40],"product_tag":[],"class_list":{"0":"post-800","1":"product","2":"type-product","3":"status-publish","4":"has-post-thumbnail","6":"product_cat-flexi-collection","7":"product_cat-comfort","8":"product_cat-erweiterbar-mit","9":"product_cat-led-lighting-system","10":"product_cat-multi-box","11":"product_cat-leinenart","12":"product_cat-gurt","13":"product_cat-leinengroesse","14":"product_cat-m","15":"product_cat-leinenlaenge","16":"product_cat-5-m","18":"first","19":"instock","20":"taxable","21":"shipping-taxable","22":"purchasable","23":"product-type-variable","24":"has-default-attributes"},"_links":{"self":[{"href":"https:\/\/flexi.de\/fr\/wp-json\/wp\/v2\/product\/800","targetHints":{"allow":["GET"]}}],"collection":[{"href":"https:\/\/flexi.de\/fr\/wp-json\/wp\/v2\/product"}],"about":[{"href":"https:\/\/flexi.de\/fr\/wp-json\/wp\/v2\/types\/product"}],"wp:featuredmedia":[{"embeddable":true,"href":"https:\/\/flexi.de\/fr\/wp-json\/wp\/v2\/media\/2311"}],"wp:attachment":[{"href":"https:\/\/flexi.de\/fr\/wp-json\/wp\/v2\/media?parent=800"}],"wp:term":[{"taxonomy":"product_brand","embeddable":true,"href":"https:\/\/flexi.de\/fr\/wp-json\/wp\/v2\/product_brand?post=800"},{"taxonomy":"product_cat","embeddable":true,"href":"https:\/\/flexi.de\/fr\/wp-json\/wp\/v2\/product_cat?post=800"},{"taxonomy":"product_tag","embeddable":true,"href":"https:\/\/flexi.de\/fr\/wp-json\/wp\/v2\/product_tag?post=800"}],"curies":[{"name":"wp","href":"https:\/\/api.w.org\/{rel}","templated":true}]}}