{"id":805,"date":"2016-10-26T11:22:08","date_gmt":"2016-10-26T09:22:08","guid":{"rendered":"http:\/\/pixonauts.com\/flexi-mit-cms-hell\/?post_type=product&#038;p=805"},"modified":"2024-07-18T07:57:13","modified_gmt":"2024-07-18T05:57:13","slug":"comfort-l-5m-tape-dog_lead_leash","status":"publish","type":"product","link":"https:\/\/flexi.de\/fr\/products\/comfort-l-5m-tape-dog_lead_leash\/","title":{"rendered":"Comfort L sangle 5 m"},"content":{"rendered":"<ul>\n<li>Pour des chiens jusqu&rsquo;\u00e0 60\u00a0kg<\/li>\n<li>Sangle particuli\u00e8rement robuste<\/li>\n<li>Poign\u00e9e ajustable<\/li>\n<li>Syst\u00e8me de freinage confortable<\/li>\n<li>Composants souples<\/li>\n<li>Adaptable au LED Lighting System<\/li>\n<li>Extensible avec la Multi Box<\/li>\n<li>Poids: environ 520\u00a0g<\/li>\n<li>2 couleurs: bleu et noir<\/li>\n<\/ul>\n","protected":false},"excerpt":{"rendered":"<p>Pour des chiens jusqu&rsquo;\u00e0 60\u00a0kg Sangle particuli\u00e8rement robuste Poign\u00e9e ajustable Syst\u00e8me de freinage confortable Composants souples","protected":false},"featured_media":2305,"template":"","meta":[],"product_brand":[],"product_cat":[27,63,67,36,48,40],"product_tag":[],"class_list":{"0":"post-805","1":"product","2":"type-product","3":"status-publish","4":"has-post-thumbnail","6":"product_cat-comfort","7":"product_cat-led-lighting-system","8":"product_cat-multi-box","9":"product_cat-gurt","10":"product_cat-l","11":"product_cat-5-m","13":"first","14":"instock","15":"taxable","16":"shipping-taxable","17":"purchasable","18":"product-type-variable","19":"has-default-attributes"},"_links":{"self":[{"href":"https:\/\/flexi.de\/fr\/wp-json\/wp\/v2\/product\/805","targetHints":{"allow":["GET"]}}],"collection":[{"href":"https:\/\/flexi.de\/fr\/wp-json\/wp\/v2\/product"}],"about":[{"href":"https:\/\/flexi.de\/fr\/wp-json\/wp\/v2\/types\/product"}],"wp:featuredmedia":[{"embeddable":true,"href":"https:\/\/flexi.de\/fr\/wp-json\/wp\/v2\/media\/2305"}],"wp:attachment":[{"href":"https:\/\/flexi.de\/fr\/wp-json\/wp\/v2\/media?parent=805"}],"wp:term":[{"taxonomy":"product_brand","embeddable":true,"href":"https:\/\/flexi.de\/fr\/wp-json\/wp\/v2\/product_brand?post=805"},{"taxonomy":"product_cat","embeddable":true,"href":"https:\/\/flexi.de\/fr\/wp-json\/wp\/v2\/product_cat?post=805"},{"taxonomy":"product_tag","embeddable":true,"href":"https:\/\/flexi.de\/fr\/wp-json\/wp\/v2\/product_tag?post=805"}],"curies":[{"name":"wp","href":"https:\/\/api.w.org\/{rel}","templated":true}]}}