{"id":810,"date":"2026-05-11T13:00:33","date_gmt":"2026-05-11T11:00:33","guid":{"rendered":"http:\/\/pixonauts.com\/flexi-mit-cms-hell\/?post_type=product&#038;p=810"},"modified":"2026-05-12T13:46:22","modified_gmt":"2026-05-12T11:46:22","slug":"comfort-plus-l-8m-tape-dog_lead_leash","status":"publish","type":"product","link":"https:\/\/flexi.de\/fr\/products\/comfort-plus-l-8m-tape-dog_lead_leash\/","title":{"rendered":"Comfort Plus L sangle 8 m"},"content":{"rendered":"<ul>\n<li>Pour des chiens jusqu&rsquo;\u00e0 50\u00a0kg<\/li>\n<li>Sangle particuli\u00e8rement robuste<\/li>\n<li>Poign\u00e9e ajustable<\/li>\n<li>Syst\u00e8me de freinage confortable<\/li>\n<li>Composants souples<\/li>\n<li>Adaptable au LED Lighting System<\/li>\n<li>Extensible avec la Multi Box<\/li>\n<li>4 couleurs : bleu, rouge, vert et anthracite<\/li>\n<\/ul>\n","protected":false},"excerpt":{"rendered":"<p>Pour des chiens jusqu&rsquo;\u00e0 50\u00a0kg Sangle particuli\u00e8rement robuste Poign\u00e9e ajustable Syst\u00e8me de freinage confortable Composants souples","protected":false},"featured_media":30160,"template":"","meta":[],"product_brand":[],"product_cat":[25,27,60,63,67,35,36,44,48,38,43],"product_tag":[],"class_list":{"0":"post-810","1":"product","2":"type-product","3":"status-publish","4":"has-post-thumbnail","6":"product_cat-flexi-collection","7":"product_cat-comfort-plus","8":"product_cat-erweiterbar-mit","9":"product_cat-led-lighting-system","10":"product_cat-multi-box","11":"product_cat-leinenart","12":"product_cat-gurt","13":"product_cat-leinengroesse","14":"product_cat-l","15":"product_cat-leinenlaenge","16":"product_cat-8-m","18":"first","19":"instock","20":"taxable","21":"shipping-taxable","22":"purchasable","23":"product-type-variable"},"_links":{"self":[{"href":"https:\/\/flexi.de\/fr\/wp-json\/wp\/v2\/product\/810","targetHints":{"allow":["GET"]}}],"collection":[{"href":"https:\/\/flexi.de\/fr\/wp-json\/wp\/v2\/product"}],"about":[{"href":"https:\/\/flexi.de\/fr\/wp-json\/wp\/v2\/types\/product"}],"wp:featuredmedia":[{"embeddable":true,"href":"https:\/\/flexi.de\/fr\/wp-json\/wp\/v2\/media\/30160"}],"wp:attachment":[{"href":"https:\/\/flexi.de\/fr\/wp-json\/wp\/v2\/media?parent=810"}],"wp:term":[{"taxonomy":"product_brand","embeddable":true,"href":"https:\/\/flexi.de\/fr\/wp-json\/wp\/v2\/product_brand?post=810"},{"taxonomy":"product_cat","embeddable":true,"href":"https:\/\/flexi.de\/fr\/wp-json\/wp\/v2\/product_cat?post=810"},{"taxonomy":"product_tag","embeddable":true,"href":"https:\/\/flexi.de\/fr\/wp-json\/wp\/v2\/product_tag?post=810"}],"curies":[{"name":"wp","href":"https:\/\/api.w.org\/{rel}","templated":true}]}}