{"id":817,"date":"2016-10-26T12:04:51","date_gmt":"2016-10-26T10:04:51","guid":{"rendered":"http:\/\/pixonauts.com\/flexi-mit-cms-hell\/?post_type=product&#038;p=817"},"modified":"2024-07-18T08:58:13","modified_gmt":"2024-07-18T06:58:13","slug":"classic-xs-3m-cord-dog_lead_leash","status":"publish","type":"product","link":"https:\/\/flexi.de\/fr\/products\/classic-xs-3m-cord-dog_lead_leash\/","title":{"rendered":"Classic XS cordon 3 m"},"content":{"rendered":"<ul>\n<li>Laisse cordon de 3\u00a0m<\/li>\n<li>Pour des chiens, chats et petits animaux jusqu\u00b4\u00e0 8\u00a0kg<\/li>\n<li>Format de poche<\/li>\n<li>Tr\u00e8s l\u00e9ger<\/li>\n<li>Syst\u00e8me de freinage confortable<\/li>\n<li>Poids: environ 100\u00a0g<\/li>\n<li>4 couleurs: bleu, rouge, noir, rose<\/li>\n<\/ul>\n","protected":false},"excerpt":{"rendered":"<p>Laisse cordon de 3\u00a0m Pour des chiens, chats et petits animaux jusqu\u00b4\u00e0 8\u00a0kg Format de poche Tr\u00e8s l\u00e9ger Syst\u00e8me de freinage confortable","protected":false},"featured_media":2299,"template":"","meta":[],"product_brand":[],"product_cat":[25,28,35,37,44,45,38,39],"product_tag":[],"class_list":{"0":"post-817","1":"product","2":"type-product","3":"status-publish","4":"has-post-thumbnail","6":"product_cat-flexi-collection","7":"product_cat-classic","8":"product_cat-leinenart","9":"product_cat-seil","10":"product_cat-leinengroesse","11":"product_cat-xs","12":"product_cat-leinenlaenge","13":"product_cat-3-m","15":"first","16":"instock","17":"taxable","18":"shipping-taxable","19":"purchasable","20":"product-type-variable"},"_links":{"self":[{"href":"https:\/\/flexi.de\/fr\/wp-json\/wp\/v2\/product\/817","targetHints":{"allow":["GET"]}}],"collection":[{"href":"https:\/\/flexi.de\/fr\/wp-json\/wp\/v2\/product"}],"about":[{"href":"https:\/\/flexi.de\/fr\/wp-json\/wp\/v2\/types\/product"}],"wp:featuredmedia":[{"embeddable":true,"href":"https:\/\/flexi.de\/fr\/wp-json\/wp\/v2\/media\/2299"}],"wp:attachment":[{"href":"https:\/\/flexi.de\/fr\/wp-json\/wp\/v2\/media?parent=817"}],"wp:term":[{"taxonomy":"product_brand","embeddable":true,"href":"https:\/\/flexi.de\/fr\/wp-json\/wp\/v2\/product_brand?post=817"},{"taxonomy":"product_cat","embeddable":true,"href":"https:\/\/flexi.de\/fr\/wp-json\/wp\/v2\/product_cat?post=817"},{"taxonomy":"product_tag","embeddable":true,"href":"https:\/\/flexi.de\/fr\/wp-json\/wp\/v2\/product_tag?post=817"}],"curies":[{"name":"wp","href":"https:\/\/api.w.org\/{rel}","templated":true}]}}