{"id":834,"date":"2016-10-26T12:37:15","date_gmt":"2016-10-26T10:37:15","guid":{"rendered":"http:\/\/pixonauts.com\/flexi-mit-cms-hell\/?post_type=product&#038;p=834"},"modified":"2024-07-18T08:54:32","modified_gmt":"2024-07-18T06:54:32","slug":"classic-m-5m-cord-dog_lead_leash","status":"publish","type":"product","link":"https:\/\/flexi.de\/fr\/products\/classic-m-5m-cord-dog_lead_leash\/","title":{"rendered":"Classic M cordon 5 m"},"content":{"rendered":"<ul>\n<li>Laisse cordon de 8\u00a0m<\/li>\n<li>Pour des chiens jusqu&rsquo;\u00e0 20\u00a0kg<\/li>\n<li>Syst\u00e8me de freinage confortable<\/li>\n<li>Sangle protectrice avec des composants r\u00e9fl\u00e9chissants<\/li>\n<li>Adaptable au LED Lighting System<\/li>\n<li>Extensible avec la Multi Box<\/li>\n<li>Poids: environ 220\u00a0g<\/li>\n<li>3 couleurs: bleu, rouge, noir<\/li>\n<\/ul>\n","protected":false},"excerpt":{"rendered":"<p>Laisse cordon de 8\u00a0m Pour des chiens jusqu&rsquo;\u00e0 20\u00a0kg Syst\u00e8me de freinage confortable Sangle protectrice avec des composants r\u00e9fl\u00e9chissants","protected":false},"featured_media":2283,"template":"","meta":[],"product_brand":[],"product_cat":[25,28,60,63,67,35,37,44,47,38,40],"product_tag":[],"class_list":{"0":"post-834","1":"product","2":"type-product","3":"status-publish","4":"has-post-thumbnail","6":"product_cat-flexi-collection","7":"product_cat-classic","8":"product_cat-erweiterbar-mit","9":"product_cat-led-lighting-system","10":"product_cat-multi-box","11":"product_cat-leinenart","12":"product_cat-seil","13":"product_cat-leinengroesse","14":"product_cat-m","15":"product_cat-leinenlaenge","16":"product_cat-5-m","18":"first","19":"instock","20":"taxable","21":"shipping-taxable","22":"purchasable","23":"product-type-variable"},"_links":{"self":[{"href":"https:\/\/flexi.de\/fr\/wp-json\/wp\/v2\/product\/834","targetHints":{"allow":["GET"]}}],"collection":[{"href":"https:\/\/flexi.de\/fr\/wp-json\/wp\/v2\/product"}],"about":[{"href":"https:\/\/flexi.de\/fr\/wp-json\/wp\/v2\/types\/product"}],"wp:featuredmedia":[{"embeddable":true,"href":"https:\/\/flexi.de\/fr\/wp-json\/wp\/v2\/media\/2283"}],"wp:attachment":[{"href":"https:\/\/flexi.de\/fr\/wp-json\/wp\/v2\/media?parent=834"}],"wp:term":[{"taxonomy":"product_brand","embeddable":true,"href":"https:\/\/flexi.de\/fr\/wp-json\/wp\/v2\/product_brand?post=834"},{"taxonomy":"product_cat","embeddable":true,"href":"https:\/\/flexi.de\/fr\/wp-json\/wp\/v2\/product_cat?post=834"},{"taxonomy":"product_tag","embeddable":true,"href":"https:\/\/flexi.de\/fr\/wp-json\/wp\/v2\/product_tag?post=834"}],"curies":[{"name":"wp","href":"https:\/\/api.w.org\/{rel}","templated":true}]}}