{"id":864,"date":"2016-10-26T14:34:15","date_gmt":"2016-10-26T12:34:15","guid":{"rendered":"http:\/\/pixonauts.com\/flexi-mit-cms-hell\/?post_type=product&#038;p=864"},"modified":"2021-08-16T09:43:48","modified_gmt":"2021-08-16T07:43:48","slug":"black-design-xs-3m-cord-dog_lead","status":"publish","type":"product","link":"https:\/\/flexi.de\/fr\/products\/black-design-xs-3m-cord-dog_lead\/","title":{"rendered":"Black Design XS cordon 3 m"},"content":{"rendered":"<ul>\n<li>Laisse cordon de 3\u00a0m<\/li>\n<li>Pour des chiens, chats et petits animaux jusqu\u00b4\u00e0 8\u00a0kg<\/li>\n<li>Format de poche<\/li>\n<li>Tr\u00e8s l\u00e9ger<\/li>\n<li>Syst\u00e8me de freinage confortable<\/li>\n<li>Mousqueton chrom\u00e9<\/li>\n<li>Poids: environ 100\u00a0g<\/li>\n<li>4 couleurs: vert, noir, rose et bleu<\/li>\n<\/ul>\n","protected":false},"excerpt":{"rendered":"<p>Laisse cordon de 3\u00a0m Pour des chiens, chats et petits animaux jusqu\u00b4\u00e0 8\u00a0kg Format de poche Tr\u00e8s l\u00e9ger Syst\u00e8me de freinage confortable","protected":false},"featured_media":2432,"template":"","meta":[],"product_brand":[],"product_cat":[25,29,37,45,39],"product_tag":[],"class_list":{"0":"post-864","1":"product","2":"type-product","3":"status-publish","4":"has-post-thumbnail","6":"product_cat-flexi-collection","7":"product_cat-black-design","8":"product_cat-seil","9":"product_cat-xs","10":"product_cat-3-m","12":"first","13":"instock","14":"taxable","15":"shipping-taxable","16":"purchasable","17":"product-type-variable"},"_links":{"self":[{"href":"https:\/\/flexi.de\/fr\/wp-json\/wp\/v2\/product\/864","targetHints":{"allow":["GET"]}}],"collection":[{"href":"https:\/\/flexi.de\/fr\/wp-json\/wp\/v2\/product"}],"about":[{"href":"https:\/\/flexi.de\/fr\/wp-json\/wp\/v2\/types\/product"}],"wp:featuredmedia":[{"embeddable":true,"href":"https:\/\/flexi.de\/fr\/wp-json\/wp\/v2\/media\/2432"}],"wp:attachment":[{"href":"https:\/\/flexi.de\/fr\/wp-json\/wp\/v2\/media?parent=864"}],"wp:term":[{"taxonomy":"product_brand","embeddable":true,"href":"https:\/\/flexi.de\/fr\/wp-json\/wp\/v2\/product_brand?post=864"},{"taxonomy":"product_cat","embeddable":true,"href":"https:\/\/flexi.de\/fr\/wp-json\/wp\/v2\/product_cat?post=864"},{"taxonomy":"product_tag","embeddable":true,"href":"https:\/\/flexi.de\/fr\/wp-json\/wp\/v2\/product_tag?post=864"}],"curies":[{"name":"wp","href":"https:\/\/api.w.org\/{rel}","templated":true}]}}