{"id":870,"date":"2016-10-26T15:59:18","date_gmt":"2016-10-26T13:59:18","guid":{"rendered":"http:\/\/pixonauts.com\/flexi-mit-cms-hell\/?post_type=product&#038;p=870"},"modified":"2021-08-16T09:43:04","modified_gmt":"2021-08-16T07:43:04","slug":"black-design-s-5m-cord-dog_lead","status":"publish","type":"product","link":"https:\/\/flexi.de\/fr\/products\/black-design-s-5m-cord-dog_lead\/","title":{"rendered":"Black Design S cordon 5 m"},"content":{"rendered":"<ul>\n<li>Cordon 5\u00a0m<\/li>\n<li>Pour des chiens jusqu&rsquo;\u00e0 12\u00a0kg<\/li>\n<li>Syst\u00e8me de freinage confortable<\/li>\n<li>Sangle protectrice avec des composants r\u00e9fl\u00e9chissants<\/li>\n<li>Extensible avec la Multi Box<\/li>\n<li>Poids: environ 160\u00a0g<\/li>\n<li>4 couleurs: vert, noir, rose et bleu<\/li>\n<\/ul>\n","protected":false},"excerpt":{"rendered":"<p>Cordon 5\u00a0m Pour des chiens jusqu&rsquo;\u00e0 12\u00a0kg Syst\u00e8me de freinage confortable Sangle protectrice avec des composants r\u00e9fl\u00e9chissants","protected":false},"featured_media":2428,"template":"","meta":[],"product_brand":[],"product_cat":[25,29,63,67,37,46,40],"product_tag":[],"class_list":{"0":"post-870","1":"product","2":"type-product","3":"status-publish","4":"has-post-thumbnail","6":"product_cat-flexi-collection","7":"product_cat-black-design","8":"product_cat-led-lighting-system","9":"product_cat-multi-box","10":"product_cat-seil","11":"product_cat-s","12":"product_cat-5-m","14":"first","15":"instock","16":"taxable","17":"shipping-taxable","18":"purchasable","19":"product-type-variable"},"_links":{"self":[{"href":"https:\/\/flexi.de\/fr\/wp-json\/wp\/v2\/product\/870","targetHints":{"allow":["GET"]}}],"collection":[{"href":"https:\/\/flexi.de\/fr\/wp-json\/wp\/v2\/product"}],"about":[{"href":"https:\/\/flexi.de\/fr\/wp-json\/wp\/v2\/types\/product"}],"wp:featuredmedia":[{"embeddable":true,"href":"https:\/\/flexi.de\/fr\/wp-json\/wp\/v2\/media\/2428"}],"wp:attachment":[{"href":"https:\/\/flexi.de\/fr\/wp-json\/wp\/v2\/media?parent=870"}],"wp:term":[{"taxonomy":"product_brand","embeddable":true,"href":"https:\/\/flexi.de\/fr\/wp-json\/wp\/v2\/product_brand?post=870"},{"taxonomy":"product_cat","embeddable":true,"href":"https:\/\/flexi.de\/fr\/wp-json\/wp\/v2\/product_cat?post=870"},{"taxonomy":"product_tag","embeddable":true,"href":"https:\/\/flexi.de\/fr\/wp-json\/wp\/v2\/product_tag?post=870"}],"curies":[{"name":"wp","href":"https:\/\/api.w.org\/{rel}","templated":true}]}}