{"id":898,"date":"2025-02-01T08:00:47","date_gmt":"2025-02-01T07:00:47","guid":{"rendered":"http:\/\/pixonauts.com\/flexi-mit-cms-hell\/?post_type=product&#038;p=898"},"modified":"2025-09-26T12:11:03","modified_gmt":"2025-09-26T10:11:03","slug":"select-tape-7m","status":"publish","type":"product","link":"https:\/\/flexi.de\/fr\/products\/select-tape-7m\/","title":{"rendered":"Select sangle 0-7 m"},"content":{"rendered":"<ul>\n<li><strong>R\u00e9glage de la longuer entre 0 et 7 m :<\/strong> <strong><a href=\"https:\/\/flexi.de\/fr\/flexi-select\/\">VIDEO<\/a><\/strong><\/li>\n<li>Pour chiens jusqu&rsquo;\u00e0 25 kg max.<\/li>\n<li>Sangle particuli\u00e8rement robuste<\/li>\n<li>Syst\u00e8me de guidage perfectionn\u00e9<\/li>\n<li>Poign\u00e9e r\u00e9glable<\/li>\n<li>Extensible avec les accessoires Multi Box et LED Lighting System (syst\u00e8me d&rsquo;\u00e9clairage LED)<\/li>\n<li>Poids du produit : environ 428 g<\/li>\n<li>3 couleurs : gris, violet et noir<\/li>\n<\/ul>\n","protected":false},"excerpt":{"rendered":"<p>R\u00e9glage de la longuer entre 0 et 7 m : VIDEO Pour chiens jusqu&rsquo;\u00e0 25 kg max. Sangle particuli\u00e8rement robuste Syst\u00e8me de guidage perfectionn\u00e9","protected":false},"featured_media":30027,"template":"","meta":[],"product_brand":[],"product_cat":[25,230,60,63,67,35,36],"product_tag":[],"class_list":{"0":"post-898","1":"product","2":"type-product","3":"status-publish","4":"has-post-thumbnail","6":"product_cat-flexi-collection","7":"product_cat-select","8":"product_cat-erweiterbar-mit","9":"product_cat-led-lighting-system","10":"product_cat-multi-box","11":"product_cat-leinenart","12":"product_cat-gurt","14":"first","15":"instock","16":"featured","17":"taxable","18":"shipping-taxable","19":"purchasable","20":"product-type-variable"},"_links":{"self":[{"href":"https:\/\/flexi.de\/fr\/wp-json\/wp\/v2\/product\/898","targetHints":{"allow":["GET"]}}],"collection":[{"href":"https:\/\/flexi.de\/fr\/wp-json\/wp\/v2\/product"}],"about":[{"href":"https:\/\/flexi.de\/fr\/wp-json\/wp\/v2\/types\/product"}],"wp:featuredmedia":[{"embeddable":true,"href":"https:\/\/flexi.de\/fr\/wp-json\/wp\/v2\/media\/30027"}],"wp:attachment":[{"href":"https:\/\/flexi.de\/fr\/wp-json\/wp\/v2\/media?parent=898"}],"wp:term":[{"taxonomy":"product_brand","embeddable":true,"href":"https:\/\/flexi.de\/fr\/wp-json\/wp\/v2\/product_brand?post=898"},{"taxonomy":"product_cat","embeddable":true,"href":"https:\/\/flexi.de\/fr\/wp-json\/wp\/v2\/product_cat?post=898"},{"taxonomy":"product_tag","embeddable":true,"href":"https:\/\/flexi.de\/fr\/wp-json\/wp\/v2\/product_tag?post=898"}],"curies":[{"name":"wp","href":"https:\/\/api.w.org\/{rel}","templated":true}]}}