{"id":29997,"date":"2025-07-16T18:56:43","date_gmt":"2025-07-16T16:56:43","guid":{"rendered":"https:\/\/flexi.de\/pt\/?page_id=29997"},"modified":"2025-07-16T18:58:34","modified_gmt":"2025-07-16T16:58:34","slug":"atendimento-ao-cliente","status":"publish","type":"page","link":"https:\/\/flexi.de\/pt\/atendimento-ao-cliente\/","title":{"rendered":"Bem-vindo ao portal do cliente flexi"},"content":{"rendered":"<p>Por favor, preencha o formul\u00e1rio e envie-o para n\u00f3s. Entraremos em contacto consigo o mais breve poss\u00edvel. Os campos obrigat\u00f3rios est\u00e3o assinalados com um asterisco (<span class=\"red-color\">*<\/span>).<\/p>\n","protected":false},"excerpt":{"rendered":"<p>Por favor, preencha o formul\u00e1rio e envie-o para n\u00f3s. Entraremos em contacto consigo o mais breve poss\u00edvel. Os campos obrigat\u00f3rios est\u00e3o","protected":false},"author":3,"featured_media":0,"parent":0,"menu_order":8,"comment_status":"closed","ping_status":"closed","template":"tpl-complaint-form.php","meta":{"footnotes":""},"class_list":["post-29997","page","type-page","status-publish","hentry"],"_links":{"self":[{"href":"https:\/\/flexi.de\/pt\/wp-json\/wp\/v2\/pages\/29997","targetHints":{"allow":["GET"]}}],"collection":[{"href":"https:\/\/flexi.de\/pt\/wp-json\/wp\/v2\/pages"}],"about":[{"href":"https:\/\/flexi.de\/pt\/wp-json\/wp\/v2\/types\/page"}],"author":[{"embeddable":true,"href":"https:\/\/flexi.de\/pt\/wp-json\/wp\/v2\/users\/3"}],"replies":[{"embeddable":true,"href":"https:\/\/flexi.de\/pt\/wp-json\/wp\/v2\/comments?post=29997"}],"version-history":[{"count":3,"href":"https:\/\/flexi.de\/pt\/wp-json\/wp\/v2\/pages\/29997\/revisions"}],"predecessor-version":[{"id":30000,"href":"https:\/\/flexi.de\/pt\/wp-json\/wp\/v2\/pages\/29997\/revisions\/30000"}],"wp:attachment":[{"href":"https:\/\/flexi.de\/pt\/wp-json\/wp\/v2\/media?parent=29997"}],"curies":[{"name":"wp","href":"https:\/\/api.w.org\/{rel}","templated":true}]}}