{"id":30022,"date":"2025-09-26T11:47:04","date_gmt":"2025-09-26T09:47:04","guid":{"rendered":"https:\/\/flexi.de\/pt\/?page_id=30022"},"modified":"2025-09-26T11:47:16","modified_gmt":"2025-09-26T09:47:16","slug":"contato","status":"publish","type":"page","link":"https:\/\/flexi.de\/pt\/contato\/","title":{"rendered":"Contato"},"content":{"rendered":"<p>Utilize o formul\u00e1rio de contacto abaixo para nos enviar a sua consulta. Entraremos em contacto consigo assim que poss\u00edvel.<br \/>\nOs campos obrigat\u00f3rios est\u00e3o marcados com um asterisco (*).<\/p>\n","protected":false},"excerpt":{"rendered":"<p>Utilize o formul\u00e1rio de contacto abaixo para nos enviar a sua consulta. Entraremos em contacto consigo assim que poss\u00edvel. Os campos obrigat\u00f3rios","protected":false},"author":3,"featured_media":0,"parent":0,"menu_order":9,"comment_status":"closed","ping_status":"closed","template":"tpl-contact-form.php","meta":{"footnotes":""},"class_list":["post-30022","page","type-page","status-publish","hentry"],"_links":{"self":[{"href":"https:\/\/flexi.de\/pt\/wp-json\/wp\/v2\/pages\/30022","targetHints":{"allow":["GET"]}}],"collection":[{"href":"https:\/\/flexi.de\/pt\/wp-json\/wp\/v2\/pages"}],"about":[{"href":"https:\/\/flexi.de\/pt\/wp-json\/wp\/v2\/types\/page"}],"author":[{"embeddable":true,"href":"https:\/\/flexi.de\/pt\/wp-json\/wp\/v2\/users\/3"}],"replies":[{"embeddable":true,"href":"https:\/\/flexi.de\/pt\/wp-json\/wp\/v2\/comments?post=30022"}],"version-history":[{"count":1,"href":"https:\/\/flexi.de\/pt\/wp-json\/wp\/v2\/pages\/30022\/revisions"}],"predecessor-version":[{"id":30023,"href":"https:\/\/flexi.de\/pt\/wp-json\/wp\/v2\/pages\/30022\/revisions\/30023"}],"wp:attachment":[{"href":"https:\/\/flexi.de\/pt\/wp-json\/wp\/v2\/media?parent=30022"}],"curies":[{"name":"wp","href":"https:\/\/api.w.org\/{rel}","templated":true}]}}