{"id":29857,"date":"2022-07-01T11:26:58","date_gmt":"2022-07-01T09:26:58","guid":{"rendered":"https:\/\/flexi.de\/pt\/?post_type=product&#038;p=29857"},"modified":"2025-04-22T13:44:53","modified_gmt":"2025-04-22T11:44:53","slug":"xtreme-l-fita-8-m","status":"publish","type":"product","link":"https:\/\/flexi.de\/pt\/products\/xtreme-l-fita-8-m\/","title":{"rendered":"Xtreme L Fita 8 m"},"content":{"rendered":"<ul>\n<li>Para c\u00e3es at\u00e9 ao m\u00e1ximo. 55 kg<\/li>\n<li>Fita extremamente resistente \u00e0 mordedura [ flexi\u00ae X11-Tape ]<\/li>\n<li>Elemento el\u00e1stico da fita de paragem suave<\/li>\n<li>Pega suave ajust\u00e1vel<\/li>\n<li>Movimento livre da fita aperfei\u00e7oado<\/li>\n<li>Sistema de travagem confort\u00e1vel<\/li>\n<li>Extens\u00edvel com Multi Box e LED Lighting System<\/li>\n<li>Peso do produto: cerca de 640 g<\/li>\n<\/ul>\n","protected":false},"excerpt":{"rendered":"<p>Para c\u00e3es at\u00e9 ao m\u00e1ximo. 55 kg Fita extremamente resistente \u00e0 mordedura [ flexi\u00ae X11-Tape ] Elemento el\u00e1stico da fita de paragem suave","protected":false},"featured_media":29855,"template":"","meta":[],"product_brand":[],"product_cat":[25,231,60,63,67,35,36,44,48,38,43],"product_tag":[],"class_list":{"0":"post-29857","1":"product","2":"type-product","3":"status-publish","4":"has-post-thumbnail","6":"product_cat-flexi-collection","7":"product_cat-xtreme","8":"product_cat-erweiterbar-mit","9":"product_cat-led-lighting-system","10":"product_cat-multi-box","11":"product_cat-leinenart","12":"product_cat-gurt","13":"product_cat-leinengroesse","14":"product_cat-l","15":"product_cat-leinenlaenge","16":"product_cat-8-m","18":"first","19":"instock","20":"taxable","21":"shipping-taxable","22":"product-type-simple"},"_links":{"self":[{"href":"https:\/\/flexi.de\/pt\/wp-json\/wp\/v2\/product\/29857","targetHints":{"allow":["GET"]}}],"collection":[{"href":"https:\/\/flexi.de\/pt\/wp-json\/wp\/v2\/product"}],"about":[{"href":"https:\/\/flexi.de\/pt\/wp-json\/wp\/v2\/types\/product"}],"wp:featuredmedia":[{"embeddable":true,"href":"https:\/\/flexi.de\/pt\/wp-json\/wp\/v2\/media\/29855"}],"wp:attachment":[{"href":"https:\/\/flexi.de\/pt\/wp-json\/wp\/v2\/media?parent=29857"}],"wp:term":[{"taxonomy":"product_brand","embeddable":true,"href":"https:\/\/flexi.de\/pt\/wp-json\/wp\/v2\/product_brand?post=29857"},{"taxonomy":"product_cat","embeddable":true,"href":"https:\/\/flexi.de\/pt\/wp-json\/wp\/v2\/product_cat?post=29857"},{"taxonomy":"product_tag","embeddable":true,"href":"https:\/\/flexi.de\/pt\/wp-json\/wp\/v2\/product_tag?post=29857"}],"curies":[{"name":"wp","href":"https:\/\/api.w.org\/{rel}","templated":true}]}}