{"id":29858,"date":"2022-07-01T11:29:29","date_gmt":"2022-07-01T09:29:29","guid":{"rendered":"https:\/\/flexi.de\/pt\/?post_type=product&#038;p=29858"},"modified":"2025-04-22T13:45:02","modified_gmt":"2025-04-22T11:45:02","slug":"xtreme-xs-fita-3-m","status":"publish","type":"product","link":"https:\/\/flexi.de\/pt\/products\/xtreme-xs-fita-3-m\/","title":{"rendered":"Xtreme XS Fita 3 m"},"content":{"rendered":"<ul>\n<li>Para c\u00e3es at\u00e9 ao m\u00e1ximo. 15 kg<\/li>\n<li>Fita extremamente resistente \u00e0 mordedura [ flexi\u00ae X11-Tape ]<\/li>\n<li>Elemento el\u00e1stico da fita de paragem suave<\/li>\n<li>Pega suave<\/li>\n<li>Movimento livre da fita aperfei\u00e7oado<\/li>\n<li>Sistema de travagem confort\u00e1vel<\/li>\n<li>Peso do produto: cerca de 149 g<\/li>\n<\/ul>\n","protected":false},"excerpt":{"rendered":"<p>Para c\u00e3es at\u00e9 ao m\u00e1ximo. 15 kg Fita extremamente resistente \u00e0 mordedura [ flexi\u00ae X11-Tape ] Elemento el\u00e1stico da fita de paragem suave","protected":false},"featured_media":29856,"template":"","meta":[],"product_brand":[],"product_cat":[25,231,35,36,44,45,38,39],"product_tag":[],"class_list":{"0":"post-29858","1":"product","2":"type-product","3":"status-publish","4":"has-post-thumbnail","6":"product_cat-flexi-collection","7":"product_cat-xtreme","8":"product_cat-leinenart","9":"product_cat-gurt","10":"product_cat-leinengroesse","11":"product_cat-xs","12":"product_cat-leinenlaenge","13":"product_cat-3-m","15":"first","16":"instock","17":"taxable","18":"shipping-taxable","19":"product-type-simple"},"_links":{"self":[{"href":"https:\/\/flexi.de\/pt\/wp-json\/wp\/v2\/product\/29858","targetHints":{"allow":["GET"]}}],"collection":[{"href":"https:\/\/flexi.de\/pt\/wp-json\/wp\/v2\/product"}],"about":[{"href":"https:\/\/flexi.de\/pt\/wp-json\/wp\/v2\/types\/product"}],"wp:featuredmedia":[{"embeddable":true,"href":"https:\/\/flexi.de\/pt\/wp-json\/wp\/v2\/media\/29856"}],"wp:attachment":[{"href":"https:\/\/flexi.de\/pt\/wp-json\/wp\/v2\/media?parent=29858"}],"wp:term":[{"taxonomy":"product_brand","embeddable":true,"href":"https:\/\/flexi.de\/pt\/wp-json\/wp\/v2\/product_brand?post=29858"},{"taxonomy":"product_cat","embeddable":true,"href":"https:\/\/flexi.de\/pt\/wp-json\/wp\/v2\/product_cat?post=29858"},{"taxonomy":"product_tag","embeddable":true,"href":"https:\/\/flexi.de\/pt\/wp-json\/wp\/v2\/product_tag?post=29858"}],"curies":[{"name":"wp","href":"https:\/\/api.w.org\/{rel}","templated":true}]}}