{"id":30026,"date":"2025-10-01T08:24:20","date_gmt":"2025-10-01T06:24:20","guid":{"rendered":"https:\/\/flexi.de\/pt\/?post_type=product&#038;p=30026"},"modified":"2025-10-01T08:49:53","modified_gmt":"2025-10-01T06:49:53","slug":"cat-corda-3-m","status":"publish","type":"product","link":"https:\/\/flexi.de\/pt\/products\/cat-corda-3-m\/","title":{"rendered":"CAT corda 3 m"},"content":{"rendered":"<ul>\n<li>Para gatos porte at\u00e9 8 kg<\/li>\n<li>Utilizar sempre em conjunto com um arn\u00eas para gatos<\/li>\n<li>Sistema de travagem confort\u00e1vel<\/li>\n<li>Formato de bolso (especialmente leve)<\/li>\n<li>Peso do produto: aprox. 100\u00a0g<\/li>\n<li>4 Cores: preto, azul, rosa, vermelho<\/li>\n<\/ul>\n","protected":false},"excerpt":{"rendered":"<p>Para gatos porte at\u00e9 8 kg Utilizar sempre em conjunto com um arn\u00eas para gatos Sistema de travagem confort\u00e1vel Formato de bolso (especialmente","protected":false},"featured_media":30008,"template":"","meta":[],"product_brand":[],"product_cat":[264,25,35,37,44,45,38,39],"product_tag":[],"class_list":{"0":"post-30026","1":"product","2":"type-product","3":"status-publish","4":"has-post-thumbnail","6":"product_cat-cat","7":"product_cat-flexi-collection","8":"product_cat-leinenart","9":"product_cat-seil","10":"product_cat-leinengroesse","11":"product_cat-xs","12":"product_cat-leinenlaenge","13":"product_cat-3-m","15":"first","16":"instock","17":"featured","18":"taxable","19":"shipping-taxable","20":"purchasable","21":"product-type-variable"},"_links":{"self":[{"href":"https:\/\/flexi.de\/pt\/wp-json\/wp\/v2\/product\/30026","targetHints":{"allow":["GET"]}}],"collection":[{"href":"https:\/\/flexi.de\/pt\/wp-json\/wp\/v2\/product"}],"about":[{"href":"https:\/\/flexi.de\/pt\/wp-json\/wp\/v2\/types\/product"}],"wp:featuredmedia":[{"embeddable":true,"href":"https:\/\/flexi.de\/pt\/wp-json\/wp\/v2\/media\/30008"}],"wp:attachment":[{"href":"https:\/\/flexi.de\/pt\/wp-json\/wp\/v2\/media?parent=30026"}],"wp:term":[{"taxonomy":"product_brand","embeddable":true,"href":"https:\/\/flexi.de\/pt\/wp-json\/wp\/v2\/product_brand?post=30026"},{"taxonomy":"product_cat","embeddable":true,"href":"https:\/\/flexi.de\/pt\/wp-json\/wp\/v2\/product_cat?post=30026"},{"taxonomy":"product_tag","embeddable":true,"href":"https:\/\/flexi.de\/pt\/wp-json\/wp\/v2\/product_tag?post=30026"}],"curies":[{"name":"wp","href":"https:\/\/api.w.org\/{rel}","templated":true}]}}