{"id":30041,"date":"2025-11-18T16:07:02","date_gmt":"2025-11-18T15:07:02","guid":{"rendered":"https:\/\/flexi.de\/pt\/?post_type=product&#038;p=30041"},"modified":"2025-11-18T16:15:06","modified_gmt":"2025-11-18T15:15:06","slug":"one-s-fita-5-m","status":"publish","type":"product","link":"https:\/\/flexi.de\/pt\/products\/one-s-fita-5-m\/","title":{"rendered":"One S fita 5 m"},"content":{"rendered":"<ul>\n<li>Trela de fita com 5 m<\/li>\n<li>Para c\u00e3es at\u00e9 ao m\u00e1ximo de 15 kg<\/li>\n<li>Fita particularmente resistente<\/li>\n<li>Sistema aperfei\u00e7oado de orienta\u00e7\u00e3o da fita<\/li>\n<li>Pega suave<\/li>\n<li>Caixa com superf\u00edcies altamente polidas<\/li>\n<li>Peso do produto: 230 g aprox.<\/li>\n<\/ul>\n","protected":false},"excerpt":{"rendered":"<p>Trela de fita com 5 m Para c\u00e3es at\u00e9 ao m\u00e1ximo de 15 kg Fita particularmente resistente Sistema aperfei\u00e7oado de orienta\u00e7\u00e3o da fita Pega","protected":false},"featured_media":30039,"template":"","meta":[],"product_brand":[],"product_cat":[258,25,35,36,44,46,40],"product_tag":[],"class_list":{"0":"post-30041","1":"product","2":"type-product","3":"status-publish","4":"has-post-thumbnail","6":"product_cat-one","7":"product_cat-flexi-collection","8":"product_cat-leinenart","9":"product_cat-gurt","10":"product_cat-leinengroesse","11":"product_cat-s","12":"product_cat-5-m","14":"first","15":"instock","16":"featured","17":"taxable","18":"shipping-taxable","19":"product-type-simple"},"_links":{"self":[{"href":"https:\/\/flexi.de\/pt\/wp-json\/wp\/v2\/product\/30041","targetHints":{"allow":["GET"]}}],"collection":[{"href":"https:\/\/flexi.de\/pt\/wp-json\/wp\/v2\/product"}],"about":[{"href":"https:\/\/flexi.de\/pt\/wp-json\/wp\/v2\/types\/product"}],"wp:featuredmedia":[{"embeddable":true,"href":"https:\/\/flexi.de\/pt\/wp-json\/wp\/v2\/media\/30039"}],"wp:attachment":[{"href":"https:\/\/flexi.de\/pt\/wp-json\/wp\/v2\/media?parent=30041"}],"wp:term":[{"taxonomy":"product_brand","embeddable":true,"href":"https:\/\/flexi.de\/pt\/wp-json\/wp\/v2\/product_brand?post=30041"},{"taxonomy":"product_cat","embeddable":true,"href":"https:\/\/flexi.de\/pt\/wp-json\/wp\/v2\/product_cat?post=30041"},{"taxonomy":"product_tag","embeddable":true,"href":"https:\/\/flexi.de\/pt\/wp-json\/wp\/v2\/product_tag?post=30041"}],"curies":[{"name":"wp","href":"https:\/\/api.w.org\/{rel}","templated":true}]}}