{"id":805,"date":"2016-10-26T11:22:08","date_gmt":"2016-10-26T09:22:08","guid":{"rendered":"http:\/\/pixonauts.com\/flexi-mit-cms-hell\/?post_type=product&#038;p=805"},"modified":"2024-07-19T09:31:43","modified_gmt":"2024-07-19T07:31:43","slug":"comfort-l-5m-tape-dog_lead_leash","status":"publish","type":"product","link":"https:\/\/flexi.de\/pt\/products\/comfort-l-5m-tape-dog_lead_leash\/","title":{"rendered":"Comfort L fita 5 m"},"content":{"rendered":"<ul>\n<li>Para c\u00e3es at\u00e9 60 kg<\/li>\n<li>Fita especialmente robusta<\/li>\n<li>Pega ajust\u00e1vel<\/li>\n<li>Sistema de travagem suave<\/li>\n<li>Componentes suaves<\/li>\n<li>Pode ser personalizada com LED Lighting System<\/li>\n<li>Pode ser personalizada com Multi Box<\/li>\n<li>Peso do produto: aprox. 520\u00a0g<\/li>\n<li>2 Cores: preto e azul<\/li>\n<\/ul>\n","protected":false},"excerpt":{"rendered":"<p>Para c\u00e3es at\u00e9 60 kg Fita especialmente robusta Pega ajust\u00e1vel Sistema de travagem suave Componentes suaves Pode ser personalizada com LED","protected":false},"featured_media":2305,"template":"","meta":[],"product_brand":[],"product_cat":[25,27,60,63,67,35,36,44,48,38,40],"product_tag":[],"class_list":{"0":"post-805","1":"product","2":"type-product","3":"status-publish","4":"has-post-thumbnail","6":"product_cat-flexi-collection","7":"product_cat-comfort","8":"product_cat-erweiterbar-mit","9":"product_cat-led-lighting-system","10":"product_cat-multi-box","11":"product_cat-leinenart","12":"product_cat-gurt","13":"product_cat-leinengroesse","14":"product_cat-l","15":"product_cat-leinenlaenge","16":"product_cat-5-m","18":"first","19":"instock","20":"taxable","21":"shipping-taxable","22":"purchasable","23":"product-type-variable","24":"has-default-attributes"},"_links":{"self":[{"href":"https:\/\/flexi.de\/pt\/wp-json\/wp\/v2\/product\/805","targetHints":{"allow":["GET"]}}],"collection":[{"href":"https:\/\/flexi.de\/pt\/wp-json\/wp\/v2\/product"}],"about":[{"href":"https:\/\/flexi.de\/pt\/wp-json\/wp\/v2\/types\/product"}],"wp:featuredmedia":[{"embeddable":true,"href":"https:\/\/flexi.de\/pt\/wp-json\/wp\/v2\/media\/2305"}],"wp:attachment":[{"href":"https:\/\/flexi.de\/pt\/wp-json\/wp\/v2\/media?parent=805"}],"wp:term":[{"taxonomy":"product_brand","embeddable":true,"href":"https:\/\/flexi.de\/pt\/wp-json\/wp\/v2\/product_brand?post=805"},{"taxonomy":"product_cat","embeddable":true,"href":"https:\/\/flexi.de\/pt\/wp-json\/wp\/v2\/product_cat?post=805"},{"taxonomy":"product_tag","embeddable":true,"href":"https:\/\/flexi.de\/pt\/wp-json\/wp\/v2\/product_tag?post=805"}],"curies":[{"name":"wp","href":"https:\/\/api.w.org\/{rel}","templated":true}]}}