{"id":907,"date":"2025-01-27T08:00:31","date_gmt":"2025-01-27T07:00:31","guid":{"rendered":"http:\/\/pixonauts.com\/flexi-mit-cms-hell\/?post_type=product&#038;p=907"},"modified":"2025-10-01T08:49:43","modified_gmt":"2025-10-01T06:49:43","slug":"giant-l-black-edition-8m-tape_dog_lead_leash","status":"publish","type":"product","link":"https:\/\/flexi.de\/pt\/products\/giant-l-black-edition-8m-tape_dog_lead_leash\/","title":{"rendered":"Giant Black Edition L fita 8 m"},"content":{"rendered":"<ul>\n<li>Trela de fita com 8\u00a0m<\/li>\n<li>Para c\u00e3es at\u00e9 50 kg<\/li>\n<li>Pega ergon\u00f3mica em borracha<\/li>\n<li>Fita especialmente robusta<\/li>\n<li><strong>BLACK EDITION<\/strong><\/li>\n<li>Peso do produto: aprox. 630 g<\/li>\n<\/ul>\n","protected":false},"excerpt":{"rendered":"<p>Trela de fita com 8\u00a0m Para c\u00e3es at\u00e9 50 kg Pega ergon\u00f3mica em borracha Fita especialmente robusta BLACK EDITION Peso do produto: aprox.","protected":false},"featured_media":29961,"template":"","meta":[],"product_brand":[],"product_cat":[32,60,63,65,35,36,44,48,43],"product_tag":[],"class_list":{"0":"post-907","1":"product","2":"type-product","3":"status-publish","4":"has-post-thumbnail","6":"product_cat-giant","7":"product_cat-erweiterbar-mit","8":"product_cat-led-lighting-system","9":"product_cat-soft-stop-belt","10":"product_cat-leinenart","11":"product_cat-gurt","12":"product_cat-leinengroesse","13":"product_cat-l","14":"product_cat-8-m","16":"first","17":"instock","18":"taxable","19":"shipping-taxable","20":"purchasable","21":"product-type-simple"},"_links":{"self":[{"href":"https:\/\/flexi.de\/pt\/wp-json\/wp\/v2\/product\/907","targetHints":{"allow":["GET"]}}],"collection":[{"href":"https:\/\/flexi.de\/pt\/wp-json\/wp\/v2\/product"}],"about":[{"href":"https:\/\/flexi.de\/pt\/wp-json\/wp\/v2\/types\/product"}],"wp:featuredmedia":[{"embeddable":true,"href":"https:\/\/flexi.de\/pt\/wp-json\/wp\/v2\/media\/29961"}],"wp:attachment":[{"href":"https:\/\/flexi.de\/pt\/wp-json\/wp\/v2\/media?parent=907"}],"wp:term":[{"taxonomy":"product_brand","embeddable":true,"href":"https:\/\/flexi.de\/pt\/wp-json\/wp\/v2\/product_brand?post=907"},{"taxonomy":"product_cat","embeddable":true,"href":"https:\/\/flexi.de\/pt\/wp-json\/wp\/v2\/product_cat?post=907"},{"taxonomy":"product_tag","embeddable":true,"href":"https:\/\/flexi.de\/pt\/wp-json\/wp\/v2\/product_tag?post=907"}],"curies":[{"name":"wp","href":"https:\/\/api.w.org\/{rel}","templated":true}]}}