{"id":908,"date":"2016-10-26T16:54:15","date_gmt":"2016-10-26T14:54:15","guid":{"rendered":"http:\/\/pixonauts.com\/flexi-mit-cms-hell\/?post_type=product&#038;p=908"},"modified":"2025-01-28T08:08:43","modified_gmt":"2025-01-28T07:08:43","slug":"giant-professional-l-10m-tape-dog_lead_leash","status":"publish","type":"product","link":"https:\/\/flexi.de\/pt\/products\/giant-professional-l-10m-tape-dog_lead_leash\/","title":{"rendered":"Giant Professional L fita 10 m"},"content":{"rendered":"<ul>\n<li>Trela de fita com 10\u00a0m<\/li>\n<li>Para c\u00e3es at\u00e9 50\u00a0kg<\/li>\n<li>Pega ergon\u00f3mica em borracha<\/li>\n<li>Fita especialmente robusta de cor n\u00e9on<\/li>\n<li>Impress\u00f5es de cor n\u00e9on<\/li>\n<li>Peso do produto: aprox. 860\u00a0g<\/li>\n<\/ul>\n","protected":false},"excerpt":{"rendered":"<p>Trela de fita com 10\u00a0m Para c\u00e3es at\u00e9 50\u00a0kg Pega ergon\u00f3mica em borracha Fita especialmente robusta de cor n\u00e9on Impress\u00f5es de cor n\u00e9on","protected":false},"featured_media":1170,"template":"","meta":[],"product_brand":[],"product_cat":[32,36,48,42],"product_tag":[],"class_list":{"0":"post-908","1":"product","2":"type-product","3":"status-publish","4":"has-post-thumbnail","6":"product_cat-giant","7":"product_cat-gurt","8":"product_cat-l","9":"product_cat-10-m","11":"first","12":"instock","13":"taxable","14":"shipping-taxable","15":"purchasable","16":"product-type-simple"},"_links":{"self":[{"href":"https:\/\/flexi.de\/pt\/wp-json\/wp\/v2\/product\/908","targetHints":{"allow":["GET"]}}],"collection":[{"href":"https:\/\/flexi.de\/pt\/wp-json\/wp\/v2\/product"}],"about":[{"href":"https:\/\/flexi.de\/pt\/wp-json\/wp\/v2\/types\/product"}],"wp:featuredmedia":[{"embeddable":true,"href":"https:\/\/flexi.de\/pt\/wp-json\/wp\/v2\/media\/1170"}],"wp:attachment":[{"href":"https:\/\/flexi.de\/pt\/wp-json\/wp\/v2\/media?parent=908"}],"wp:term":[{"taxonomy":"product_brand","embeddable":true,"href":"https:\/\/flexi.de\/pt\/wp-json\/wp\/v2\/product_brand?post=908"},{"taxonomy":"product_cat","embeddable":true,"href":"https:\/\/flexi.de\/pt\/wp-json\/wp\/v2\/product_cat?post=908"},{"taxonomy":"product_tag","embeddable":true,"href":"https:\/\/flexi.de\/pt\/wp-json\/wp\/v2\/product_tag?post=908"}],"curies":[{"name":"wp","href":"https:\/\/api.w.org\/{rel}","templated":true}]}}