{"id":924,"date":"2016-10-26T17:31:44","date_gmt":"2016-10-26T15:31:44","guid":{"rendered":"http:\/\/pixonauts.com\/flexi-mit-cms-hell\/?post_type=product&#038;p=924"},"modified":"2022-12-06T16:20:07","modified_gmt":"2022-12-06T15:20:07","slug":"glam-composition-s-3m-tape-dog_lead_leash","status":"publish","type":"product","link":"https:\/\/flexi.de\/pt\/products\/glam-composition-s-3m-tape-dog_lead_leash\/","title":{"rendered":"Glam Composition S fita 3 m"},"content":{"rendered":"<ul>\n<li>Trela de fita com 3\u00a0m<\/li>\n<li>Para c\u00e3es at\u00e9 12\u00a0kg<\/li>\n<li>Superf\u00edcie de alto brilho envernizada<\/li>\n<li>Trabalhado \u00e0 m\u00e3o com cristais de elevada qualidade<\/li>\n<li>Fita com detalhes em couro nobre<\/li>\n<li>Formato de bolso<\/li>\n<li>Especialmente leve<\/li>\n<li>Peso do produto: aprox. 130\u00a0g<\/li>\n<li>2 Cores: preto-\u00f3nix e branco madrep\u00e9rola<\/li>\n<\/ul>\n","protected":false},"excerpt":{"rendered":"<p>Trela de fita com 3\u00a0m Para c\u00e3es at\u00e9 12\u00a0kg Superf\u00edcie de alto brilho envernizada Trabalhado \u00e0 m\u00e3o com cristais de elevada qualidade","protected":false},"featured_media":1308,"template":"","meta":[],"product_brand":[],"product_cat":[34,36,46,39],"product_tag":[],"class_list":{"0":"post-924","1":"product","2":"type-product","3":"status-publish","4":"has-post-thumbnail","6":"product_cat-glam","7":"product_cat-gurt","8":"product_cat-s","9":"product_cat-3-m","11":"first","12":"instock","13":"taxable","14":"shipping-taxable","15":"purchasable","16":"product-type-variable"},"_links":{"self":[{"href":"https:\/\/flexi.de\/pt\/wp-json\/wp\/v2\/product\/924","targetHints":{"allow":["GET"]}}],"collection":[{"href":"https:\/\/flexi.de\/pt\/wp-json\/wp\/v2\/product"}],"about":[{"href":"https:\/\/flexi.de\/pt\/wp-json\/wp\/v2\/types\/product"}],"wp:featuredmedia":[{"embeddable":true,"href":"https:\/\/flexi.de\/pt\/wp-json\/wp\/v2\/media\/1308"}],"wp:attachment":[{"href":"https:\/\/flexi.de\/pt\/wp-json\/wp\/v2\/media?parent=924"}],"wp:term":[{"taxonomy":"product_brand","embeddable":true,"href":"https:\/\/flexi.de\/pt\/wp-json\/wp\/v2\/product_brand?post=924"},{"taxonomy":"product_cat","embeddable":true,"href":"https:\/\/flexi.de\/pt\/wp-json\/wp\/v2\/product_cat?post=924"},{"taxonomy":"product_tag","embeddable":true,"href":"https:\/\/flexi.de\/pt\/wp-json\/wp\/v2\/product_tag?post=924"}],"curies":[{"name":"wp","href":"https:\/\/api.w.org\/{rel}","templated":true}]}}