{"id":928,"date":"2016-10-26T17:36:07","date_gmt":"2016-10-26T15:36:07","guid":{"rendered":"http:\/\/pixonauts.com\/flexi-mit-cms-hell\/?post_type=product&#038;p=928"},"modified":"2022-12-06T16:19:12","modified_gmt":"2022-12-06T15:19:12","slug":"glam-composition-m-5m-tape-dog_lead_leash","status":"publish","type":"product","link":"https:\/\/flexi.de\/pt\/products\/glam-composition-m-5m-tape-dog_lead_leash\/","title":{"rendered":"Glam Composition M fita 5 m"},"content":{"rendered":"<ul>\n<li>Trela de fita com 5\u00a0m<\/li>\n<li>Para c\u00e3es at\u00e9 25\u00a0kg<\/li>\n<li>Superf\u00edcie de alto brilho envernizada<\/li>\n<li>Trabalhado \u00e0 m\u00e3o com cristais de elevada qualidade<\/li>\n<li>Fita com detalhes em couro nobre<\/li>\n<li>Peso do produto: aprox. 250\u00a0g<\/li>\n<li>Cores: preto-\u00f3nix e branco madrep\u00e9rola<\/li>\n<\/ul>\n","protected":false},"excerpt":{"rendered":"<p>Trela de fita com 5\u00a0m Para c\u00e3es at\u00e9 25\u00a0kg Superf\u00edcie de alto brilho envernizada Trabalhado \u00e0 m\u00e3o com cristais de elevada qualidade","protected":false},"featured_media":1305,"template":"","meta":[],"product_brand":[],"product_cat":[34,36,47,40],"product_tag":[],"class_list":{"0":"post-928","1":"product","2":"type-product","3":"status-publish","4":"has-post-thumbnail","6":"product_cat-glam","7":"product_cat-gurt","8":"product_cat-m","9":"product_cat-5-m","11":"first","12":"instock","13":"taxable","14":"shipping-taxable","15":"purchasable","16":"product-type-variable"},"_links":{"self":[{"href":"https:\/\/flexi.de\/pt\/wp-json\/wp\/v2\/product\/928","targetHints":{"allow":["GET"]}}],"collection":[{"href":"https:\/\/flexi.de\/pt\/wp-json\/wp\/v2\/product"}],"about":[{"href":"https:\/\/flexi.de\/pt\/wp-json\/wp\/v2\/types\/product"}],"wp:featuredmedia":[{"embeddable":true,"href":"https:\/\/flexi.de\/pt\/wp-json\/wp\/v2\/media\/1305"}],"wp:attachment":[{"href":"https:\/\/flexi.de\/pt\/wp-json\/wp\/v2\/media?parent=928"}],"wp:term":[{"taxonomy":"product_brand","embeddable":true,"href":"https:\/\/flexi.de\/pt\/wp-json\/wp\/v2\/product_brand?post=928"},{"taxonomy":"product_cat","embeddable":true,"href":"https:\/\/flexi.de\/pt\/wp-json\/wp\/v2\/product_cat?post=928"},{"taxonomy":"product_tag","embeddable":true,"href":"https:\/\/flexi.de\/pt\/wp-json\/wp\/v2\/product_tag?post=928"}],"curies":[{"name":"wp","href":"https:\/\/api.w.org\/{rel}","templated":true}]}}